{"id":44,"date":"2018-02-22T02:21:48","date_gmt":"2018-02-22T02:21:48","guid":{"rendered":"https:\/\/lifeword.org\/spanish\/?page_id=44"},"modified":"2018-08-16T13:05:26","modified_gmt":"2018-08-16T13:05:26","slug":"mission-vision","status":"publish","type":"page","link":"https:\/\/lifeword.org\/spanish\/about\/mission-vision\/","title":{"rendered":"Misi\u00f3n y Visi\u00f3n"},"content":{"rendered":"<div class=\"wwa mv wbg\">\n<div class=\"container\">\n<div class=\"i-nav\">\n<ul>\n<li><a href=\"https:\/\/lifeword.org\/spanish\/about\/about\/\">Sobre nosotros<\/a><\/li>\n<li><a href=\"https:\/\/lifeword.org\/spanish\/about\/mission-vision\/\/\"> Misi\u00f3n y Visi\u00f3n<\/a><\/li>\n<li><a href=\"https:\/\/lifeword.org\/spanish\/about\/broadcast-languages-target-areas\/\">Idiomas de difusi\u00f3n y \u00e1reas de destino<\/a><\/li>\n<li><a href=\"https:\/\/lifeword.org\/spanish\/about\/history\/\">historia<\/a><\/li>\n<li><a href=\"https:\/\/lifeword.org\/spanish\/about\/board-of-directors\/\">Junta Directiva<\/a><\/li>\n<li><a href=\"https:\/\/lifeword.org\/spanish\/about\/staff\/\">Personal<\/a><\/li>\n<\/ul>\n<\/div>\n<div class=\"hhdr\">Misi\u00f3n y Visi\u00f3n<\/div>\n<\/div>\n<div class=\"row\">\n<div class=\"container\">\n<div class=\"row cont\">\n<div class=\"col-12 col-lg-4 col-md-4 col-sm-6\">\n<div class=\"shd\">Programaci\u00f3n de Lifeword<\/div>\n<div class=\"pic\"><img decoding=\"async\" title=\"Lifeword Broadcasting\" src=\"https:\/\/s3.amazonaws.com\/lifeword-dev-assets\/images\/mv-pic-01.jpg\" alt=\"Lifeword Broadcasting\" \/><\/div>\n<p>Desde 1965, Lifeword ha compartido el evangelio utilizando la tecnolog\u00eda m\u00e1s avanzada disponible. La radio era el medio principal en aquel entonces con el ingl\u00e9s como \u00fanico idioma, pero hoy en d\u00eda, el Internet ha ayudado a expandir su huella ministerial a 121 pa\u00edses del mundo y 42 idiomas. La reci\u00e9n construida Lifeword Cloud (Nube de Lifeword) ampliar\u00e1 a\u00fan m\u00e1s el alcance del ministerio de medios de comunicaci\u00f3n masiva para que cualquier persona con acceso a Internet pueda encontrar y escuchar la exposici\u00f3n del Evangelio en su propio idioma de origen..<\/p>\n<p><a href=\"https:\/\/lifeword.org\/spanish\/about\/broadcast-languages-target-areas\/\">click aqu\u00ed<\/a> para ver los idiomas en los que transmite Lifeword y las \u00e1reas de destino.<\/p>\n<\/div>\n<div class=\"col-12 col-lg-4 col-md-4 col-sm-6\">\n<div class=\"shd\">Radios Comunitarias de Lifeword<\/div>\n<div class=\"pic\"><img decoding=\"async\" title=\"Lifeword Community Radio\" src=\"https:\/\/s3.amazonaws.com\/lifeword-dev-assets\/images\/mv-pic-02.jpg\" alt=\"Lifeword Community Radio\" \/><\/div>\n<p>Desde el a\u00f1o 2014, Lifeword ha ayudado a iglesias de muy escasos recursos econ\u00f3micos (en pa\u00edses del tercer mundo) para comenzar estaciones de radio FM de baja potencia que les permiten cubrir sus comunidades locales con el amor incondicional de <\/p>\n<p>Dios a trav\u00e9s de las ondas radiales. En estos pa\u00edses donde la mayor\u00eda de las personas caminan para ir a casi todos lados, la gran mayor\u00eda de quienes asisten a una iglesia en particular viven y trabajan en un rango de 3 a 4 millas (5 a 6 kil\u00f3metros), un \u00e1rea f\u00e1cilmente cubierta por un transmisor de FM de 15 vatios que puede ser alimentado por una bater\u00eda de carro de 12 voltios.<\/p>\n<p>Lifeword va al campo para instalar el equipo y luego entrena a pastores, locutores, ingenieros y l\u00edderes ministeriales para producir programas de inter\u00e9s para toda la comunidad. En esa programaci\u00f3n orientada a la comunidad, los hermanos tejen un testimonio constante y amable sobre el amor de Jesucristo. Las nuevas emisoras luego ayudan a otras iglesias a hacer lo mismo, y as\u00ed comienza el \u00abdiscipulado de medios.\u00bb<\/p>\n<\/div>\n<div class=\"col-12 col-lg-4 col-md-4 col-sm-6\">\n<div class=\"shd\">La Nube de Lifeword<\/div>\n<div class=\"pic\"><img decoding=\"async\" title=\"The Lifeword Cloud\" src=\"https:\/\/s3.amazonaws.com\/lifeword-dev-assets\/images\/mv-pic-03.jpg\" alt=\"Lifeword Media &amp; Leadership Training\" \/><\/div>\n<p>La iniciativa m\u00e1s reciente y que a\u00fan est\u00e1 en curso de Lifeword involucra la construcci\u00f3n de una plataforma, la nube, que permitir\u00e1 acceder a m\u00e1s de cinco d\u00e9cadas de programaci\u00f3n evang\u00e9lica a trav\u00e9s del Internet. Lifeword.org se convertir\u00e1 en un lugar donde cualquier persona que hable un idioma de Lifeword puede escuchar sobre el amor de Jes\u00fas por todas las personas en su idioma de origen..<\/p>\n<p>El objetivo final es que 200 idiomas del mundo est\u00e9n representados en la Nube y que los hablantes de esos idiomas escuchen la mejor historia jam\u00e1s contada.<\/p>\n<p>La Nube de Lifeword tiene un potencial ilimitado para alcanzar a miles de millones de personas para Cristo..<\/p>\n<\/div>\n<\/div>\n<\/div>\n<\/div>\n<\/div>\n<p>&nbsp;<\/p>\n","protected":false},"excerpt":{"rendered":"<p>Sobre nosotros Misi\u00f3n y Visi\u00f3n Idiomas de difusi\u00f3n y \u00e1reas de destino historia Junta Directiva Personal Misi\u00f3n y Visi\u00f3n Programaci\u00f3n [&hellip;]<\/p>\n","protected":false},"author":1,"featured_media":0,"parent":33,"menu_order":0,"comment_status":"closed","ping_status":"closed","template":"","meta":{"_uag_custom_page_level_css":"","footnotes":""},"class_list":["post-44","page","type-page","status-publish","hentry"],"yoast_head":"<!-- This site is optimized with the Yoast SEO plugin v27.4 - https:\/\/yoast.com\/product\/yoast-seo-wordpress\/ -->\n<title>Misi\u00f3n y Visi\u00f3n - Lifeword en Espa\u00f1ol<\/title>\n<meta name=\"robots\" content=\"index, follow, max-snippet:-1, max-image-preview:large, max-video-preview:-1\" \/>\n<link rel=\"canonical\" href=\"https:\/\/lifeword.org\/spanish\/about\/mission-vision\/\" \/>\n<meta property=\"og:locale\" content=\"es_ES\" \/>\n<meta property=\"og:type\" content=\"article\" \/>\n<meta property=\"og:title\" content=\"Misi\u00f3n y Visi\u00f3n - Lifeword en Espa\u00f1ol\" \/>\n<meta property=\"og:description\" content=\"Sobre nosotros Misi\u00f3n y Visi\u00f3n Idiomas de difusi\u00f3n y \u00e1reas de destino historia Junta Directiva Personal Misi\u00f3n y Visi\u00f3n Programaci\u00f3n [&hellip;]\" \/>\n<meta property=\"og:url\" content=\"https:\/\/lifeword.org\/spanish\/about\/mission-vision\/\" \/>\n<meta property=\"og:site_name\" content=\"Lifeword en Espa\u00f1ol\" \/>\n<meta property=\"article:modified_time\" content=\"2018-08-16T13:05:26+00:00\" \/>\n<meta property=\"og:image\" content=\"https:\/\/s3.amazonaws.com\/lifeword-dev-assets\/images\/mv-pic-01.jpg\" \/>\n<meta name=\"twitter:card\" content=\"summary_large_image\" \/>\n<meta name=\"twitter:label1\" content=\"Tiempo de lectura\" \/>\n\t<meta name=\"twitter:data1\" content=\"2 minutos\" \/>\n<script type=\"application\/ld+json\" class=\"yoast-schema-graph\">{\"@context\":\"https:\\\/\\\/schema.org\",\"@graph\":[{\"@type\":\"WebPage\",\"@id\":\"https:\\\/\\\/lifeword.org\\\/spanish\\\/about\\\/mission-vision\\\/\",\"url\":\"https:\\\/\\\/lifeword.org\\\/spanish\\\/about\\\/mission-vision\\\/\",\"name\":\"Misi\u00f3n y Visi\u00f3n - Lifeword en Espa\u00f1ol\",\"isPartOf\":{\"@id\":\"https:\\\/\\\/lifeword.org\\\/spanish\\\/#website\"},\"primaryImageOfPage\":{\"@id\":\"https:\\\/\\\/lifeword.org\\\/spanish\\\/about\\\/mission-vision\\\/#primaryimage\"},\"image\":{\"@id\":\"https:\\\/\\\/lifeword.org\\\/spanish\\\/about\\\/mission-vision\\\/#primaryimage\"},\"thumbnailUrl\":\"https:\\\/\\\/s3.amazonaws.com\\\/lifeword-dev-assets\\\/images\\\/mv-pic-01.jpg\",\"datePublished\":\"2018-02-22T02:21:48+00:00\",\"dateModified\":\"2018-08-16T13:05:26+00:00\",\"breadcrumb\":{\"@id\":\"https:\\\/\\\/lifeword.org\\\/spanish\\\/about\\\/mission-vision\\\/#breadcrumb\"},\"inLanguage\":\"es\",\"potentialAction\":[{\"@type\":\"ReadAction\",\"target\":[\"https:\\\/\\\/lifeword.org\\\/spanish\\\/about\\\/mission-vision\\\/\"]}]},{\"@type\":\"ImageObject\",\"inLanguage\":\"es\",\"@id\":\"https:\\\/\\\/lifeword.org\\\/spanish\\\/about\\\/mission-vision\\\/#primaryimage\",\"url\":\"https:\\\/\\\/s3.amazonaws.com\\\/lifeword-dev-assets\\\/images\\\/mv-pic-01.jpg\",\"contentUrl\":\"https:\\\/\\\/s3.amazonaws.com\\\/lifeword-dev-assets\\\/images\\\/mv-pic-01.jpg\"},{\"@type\":\"BreadcrumbList\",\"@id\":\"https:\\\/\\\/lifeword.org\\\/spanish\\\/about\\\/mission-vision\\\/#breadcrumb\",\"itemListElement\":[{\"@type\":\"ListItem\",\"position\":1,\"name\":\"Home\",\"item\":\"https:\\\/\\\/lifeword.org\\\/spanish\\\/\"},{\"@type\":\"ListItem\",\"position\":2,\"name\":\"Quienes somos\",\"item\":\"https:\\\/\\\/lifeword.org\\\/spanish\\\/about\\\/\"},{\"@type\":\"ListItem\",\"position\":3,\"name\":\"Misi\u00f3n y Visi\u00f3n\"}]},{\"@type\":\"WebSite\",\"@id\":\"https:\\\/\\\/lifeword.org\\\/spanish\\\/#website\",\"url\":\"https:\\\/\\\/lifeword.org\\\/spanish\\\/\",\"name\":\"Lifeword en Espa\u00f1ol\",\"description\":\"Palabras De Vida\",\"potentialAction\":[{\"@type\":\"SearchAction\",\"target\":{\"@type\":\"EntryPoint\",\"urlTemplate\":\"https:\\\/\\\/lifeword.org\\\/spanish\\\/?s={search_term_string}\"},\"query-input\":{\"@type\":\"PropertyValueSpecification\",\"valueRequired\":true,\"valueName\":\"search_term_string\"}}],\"inLanguage\":\"es\"}]}<\/script>\n<!-- \/ Yoast SEO plugin. -->","yoast_head_json":{"title":"Misi\u00f3n y Visi\u00f3n - Lifeword en Espa\u00f1ol","robots":{"index":"index","follow":"follow","max-snippet":"max-snippet:-1","max-image-preview":"max-image-preview:large","max-video-preview":"max-video-preview:-1"},"canonical":"https:\/\/lifeword.org\/spanish\/about\/mission-vision\/","og_locale":"es_ES","og_type":"article","og_title":"Misi\u00f3n y Visi\u00f3n - Lifeword en Espa\u00f1ol","og_description":"Sobre nosotros Misi\u00f3n y Visi\u00f3n Idiomas de difusi\u00f3n y \u00e1reas de destino historia Junta Directiva Personal Misi\u00f3n y Visi\u00f3n Programaci\u00f3n [&hellip;]","og_url":"https:\/\/lifeword.org\/spanish\/about\/mission-vision\/","og_site_name":"Lifeword en Espa\u00f1ol","article_modified_time":"2018-08-16T13:05:26+00:00","og_image":[{"url":"https:\/\/s3.amazonaws.com\/lifeword-dev-assets\/images\/mv-pic-01.jpg","type":"","width":"","height":""}],"twitter_card":"summary_large_image","twitter_misc":{"Tiempo de lectura":"2 minutos"},"schema":{"@context":"https:\/\/schema.org","@graph":[{"@type":"WebPage","@id":"https:\/\/lifeword.org\/spanish\/about\/mission-vision\/","url":"https:\/\/lifeword.org\/spanish\/about\/mission-vision\/","name":"Misi\u00f3n y Visi\u00f3n - Lifeword en Espa\u00f1ol","isPartOf":{"@id":"https:\/\/lifeword.org\/spanish\/#website"},"primaryImageOfPage":{"@id":"https:\/\/lifeword.org\/spanish\/about\/mission-vision\/#primaryimage"},"image":{"@id":"https:\/\/lifeword.org\/spanish\/about\/mission-vision\/#primaryimage"},"thumbnailUrl":"https:\/\/s3.amazonaws.com\/lifeword-dev-assets\/images\/mv-pic-01.jpg","datePublished":"2018-02-22T02:21:48+00:00","dateModified":"2018-08-16T13:05:26+00:00","breadcrumb":{"@id":"https:\/\/lifeword.org\/spanish\/about\/mission-vision\/#breadcrumb"},"inLanguage":"es","potentialAction":[{"@type":"ReadAction","target":["https:\/\/lifeword.org\/spanish\/about\/mission-vision\/"]}]},{"@type":"ImageObject","inLanguage":"es","@id":"https:\/\/lifeword.org\/spanish\/about\/mission-vision\/#primaryimage","url":"https:\/\/s3.amazonaws.com\/lifeword-dev-assets\/images\/mv-pic-01.jpg","contentUrl":"https:\/\/s3.amazonaws.com\/lifeword-dev-assets\/images\/mv-pic-01.jpg"},{"@type":"BreadcrumbList","@id":"https:\/\/lifeword.org\/spanish\/about\/mission-vision\/#breadcrumb","itemListElement":[{"@type":"ListItem","position":1,"name":"Home","item":"https:\/\/lifeword.org\/spanish\/"},{"@type":"ListItem","position":2,"name":"Quienes somos","item":"https:\/\/lifeword.org\/spanish\/about\/"},{"@type":"ListItem","position":3,"name":"Misi\u00f3n y Visi\u00f3n"}]},{"@type":"WebSite","@id":"https:\/\/lifeword.org\/spanish\/#website","url":"https:\/\/lifeword.org\/spanish\/","name":"Lifeword en Espa\u00f1ol","description":"Palabras De Vida","potentialAction":[{"@type":"SearchAction","target":{"@type":"EntryPoint","urlTemplate":"https:\/\/lifeword.org\/spanish\/?s={search_term_string}"},"query-input":{"@type":"PropertyValueSpecification","valueRequired":true,"valueName":"search_term_string"}}],"inLanguage":"es"}]}},"uagb_featured_image_src":{"full":false,"thumbnail":false,"medium":false,"medium_large":false,"large":false,"1536x1536":false,"2048x2048":false,"post-thumbnail":false,"lifeword-detail-thumb":false,"lifeword-slider-thumb":false,"lifeword-list-thumb":false,"gform-image-choice-sm":false,"gform-image-choice-md":false,"gform-image-choice-lg":false},"uagb_author_info":{"display_name":"lifeword","author_link":"https:\/\/lifeword.org\/spanish\/author\/lifeword\/"},"uagb_comment_info":0,"uagb_excerpt":"Sobre nosotros Misi\u00f3n y Visi\u00f3n Idiomas de difusi\u00f3n y \u00e1reas de destino historia Junta Directiva Personal Misi\u00f3n y Visi\u00f3n Programaci\u00f3n [&hellip;]","_links":{"self":[{"href":"https:\/\/lifeword.org\/spanish\/wp-json\/wp\/v2\/pages\/44","targetHints":{"allow":["GET"]}}],"collection":[{"href":"https:\/\/lifeword.org\/spanish\/wp-json\/wp\/v2\/pages"}],"about":[{"href":"https:\/\/lifeword.org\/spanish\/wp-json\/wp\/v2\/types\/page"}],"author":[{"embeddable":true,"href":"https:\/\/lifeword.org\/spanish\/wp-json\/wp\/v2\/users\/1"}],"replies":[{"embeddable":true,"href":"https:\/\/lifeword.org\/spanish\/wp-json\/wp\/v2\/comments?post=44"}],"version-history":[{"count":9,"href":"https:\/\/lifeword.org\/spanish\/wp-json\/wp\/v2\/pages\/44\/revisions"}],"predecessor-version":[{"id":240,"href":"https:\/\/lifeword.org\/spanish\/wp-json\/wp\/v2\/pages\/44\/revisions\/240"}],"up":[{"embeddable":true,"href":"https:\/\/lifeword.org\/spanish\/wp-json\/wp\/v2\/pages\/33"}],"wp:attachment":[{"href":"https:\/\/lifeword.org\/spanish\/wp-json\/wp\/v2\/media?parent=44"}],"curies":[{"name":"wp","href":"https:\/\/api.w.org\/{rel}","templated":true}]}}