{"id":41,"date":"2018-02-22T02:20:34","date_gmt":"2018-02-22T02:20:34","guid":{"rendered":"https:\/\/lifeword.org\/spanish\/?page_id=41"},"modified":"2018-08-16T12:54:06","modified_gmt":"2018-08-16T12:54:06","slug":"history","status":"publish","type":"page","link":"https:\/\/lifeword.org\/spanish\/about\/history\/","title":{"rendered":"historia"},"content":{"rendered":"<p><main><\/p>\n<div class=\"wwa hstry wbg\">\n<div class=\"container\">\n<div class=\"i-nav\">\n<ul>\n<li><a href=\"https:\/\/lifeword.org\/spanish\/about\/about\/\">Sobre nosotros<\/a><\/li>\n<li><a href=\"https:\/\/lifeword.org\/spanish\/about\/mission-vision\/\/\"> Misi\u00f3n y Visi\u00f3n<\/a><\/li>\n<li><a href=\"https:\/\/lifeword.org\/spanish\/about\/broadcast-languages-target-areas\/\">Idiomas de difusi\u00f3n y \u00e1reas de destino<\/a><\/li>\n<li><a href=\"https:\/\/lifeword.org\/spanish\/about\/history\/\">historia<\/a><\/li>\n<li><a href=\"https:\/\/lifeword.org\/spanish\/about\/board-of-directors\/\">Junta Directiva<\/a><\/li>\n<li><a href=\"https:\/\/lifeword.org\/spanish\/about\/staff\/\">Personal<\/a><\/li>\n<\/ul><\/div>\n<div class=\"hhdr\">Historia<\/div>\n<\/p><\/div>\n<div class=\"row ipatch\">\n<div class=\"container\">\n<div class=\"shd\">La historian de Lifeword:<\/div>\n<p>Ayudando a las Iglesias a cumplir La Gran Comisi\u00f3n a trav\u00e9s de los Medios de Comunicaci\u00f3n.<\/p>\n<p>\u00abSeguramente, solo tenemos que leer las primeras p\u00e1ginas de nuestro peri\u00f3dico o escuchar los noticias por radio para saber que nuestra naci\u00f3n est\u00e1 en tiempos de crisis, y creemos que la mayor ayuda que le podemos dar a nuestro propio pa\u00eds (Estados Unidos) es el evangelio del Se\u00f1or Jesucristo. Hasta que los hombres conozcan a Jes\u00fas de una manera \u00edntima al recibirlo como Salvador personal y ser transformados por su gracia, no podemos esperar hasta ver la justicia civil. Verdaderamente, Estados Unidos es uno de los campos misioneros m\u00e1s grandes y necesitados, y estamos convencidos de que a menos que demos lo mejor de nosotros para hacer conocer a Jes\u00fas a nuestro propio pa\u00eds, la libertad, la paz y la prosperidad que conocemos hoy no durar\u00e1n por mucho tiempo. \u00bb\n          <\/p>\n<p>Aunque esto suena como un llamado a la acci\u00f3n para los cristianos de hoy, en realidad fue escrito en 1965 por Harold Morris, el primer misionero comisionado por las iglesias de la Asociaci\u00f3n Bautista Misionera (ABM). Despu\u00e9s de que su estado de salud lo oblig\u00f3 a abandonar su campo de misiones en Brasil, el hermano Harold se convirti\u00f3 en un promotor de la ABM y viaj\u00f3 por todo el pa\u00eds llevando una pesada carga por los perdidos.<\/p>\n<p>Dios le dio una visi\u00f3n para llegar a las multitudes a trav\u00e9s de los medios de comunicaci\u00f3n, y un s\u00e1bado por la tarde del 4 de septiembre de 1965, el hermano Morris realiz\u00f3 la primera emisi\u00f3n de radio en KSTL en San Louis, Missouri \u00abpara hacer conocer a Jes\u00fas a las multitudes de nuestra propia tierra.\u00bb En Noviembre de ese mismo a\u00f1o Morris nombr\u00f3 su programa La Hora de la Cosecha del Evangelio (HGH por sus siglas en ingles), y tres a\u00f1os m\u00e1s tarde, se convirti\u00f3 en un departamento de la ABM con Morris como su primer director.<\/p>\n<p>El hermano Morris, fue un hombre con una visi\u00f3n incre\u00edble y un deseo de ser usado por Dios, \u00e9l us\u00f3 la mejor tecnolog\u00eda disponible para cumplir con la Gran Comisi\u00f3n. Cuando grab\u00f3 esa primera transmisi\u00f3n de su programa La Hora de la Cosecha del Evangelio, desde la sala de su casa en Conway, Arkansas, su intenci\u00f3n era \u00abhacer un uso completo de los mejores medios t\u00e9cnicos de la comunicaci\u00f3n &#8230; No aprovechar las ventajas de estas oportunidades ser\u00e1 tr\u00e1gico dijo;\u00bb no solo para nosotros, sino para un mundo perdido y desilusionado. Al pensar un poco en a\u00f1os atr\u00e1s, no usar medios que sean iguales a la tarea encomendada es como usar solo una pico y una pala para construir nuestras carreteras en nuestros tiempos&#8230; y es que nosotros estamos bajo \u00f3rdenes: Debemos Ir, predicar y hacer disc\u00edpulos.\u00bb <\/p>\n<p>Entendiendo completamente la importancia que tiene el ministerio de la radio para los misioneros, \u00e9l cre\u00eda que \u00abuna transmisi\u00f3n de radio puede llegar a m\u00e1s personas por semana con el evangelio de lo que cualquier familia misionera puede alcanzar.\u00bb Durante su tiempo como director, estableci\u00f3 una relaci\u00f3n con Radio Transmundial (TWR) la cual contin\u00faa transmitiendo hasta el d\u00eda de hoy; \u00e9l envi\u00f3 m\u00fasica, sermones y cintas de estudio b\u00edblico por todo el mundo; y busc\u00f3 las estaciones de radio m\u00e1s poderosas en Am\u00e9rica y en el extranjero para transmitir.<\/p>\n<p>Lamentablemente, en noviembre de 1970, Harold Morris muri\u00f3 por complicaciones del coraz\u00f3n que lo afectaban desde que estaba en el campo misionero. A ra\u00edz de ese hecho lamentable un expresidente de dos colegios cristianos, A.R. Reddin se convirti\u00f3 en director de La Hora de la Cosecha en febrero de 1971. Pronto agreg\u00f3 la necesidad de tener materiales impresos para la correspondencia en el seguimiento a las transmisiones por radio, especialmente las que detallan el plan de salvaci\u00f3n, por esa raz\u00f3n hizo un llamamiento a las iglesias para que respondieran a esta necesidad financiera.<\/p>\n<p>Despu\u00e9s de un a\u00f1o sirviendo como director, A.R. Reddin muri\u00f3 en 1972, y el hermano Paul Bearfield, misionero en Taiw\u00e1n y portavoz de la transmisi\u00f3n de La Hora de la Cosecha (HGH) durante varios a\u00f1os, sali\u00f3 del campo para convertirse en el nuevo director. Durante su mandato, se agregaron veintid\u00f3s estaciones de radio en tres idiomas: ingl\u00e9s, espa\u00f1ol (Puerto Rico) y franc\u00e9s criollo (Hait\u00ed).<\/p>\n<p>En ese momento, las estaciones de radio en Arkansas, Louisiana, Mississippi, Missouri, Oklahoma y Texas transmitieron esos programas. Al mismo tiempo, hubo transmisiones traducidas al espa\u00f1ol en Puerto Rico y M\u00e9xico y al franc\u00e9s criollo en Hait\u00ed, pero pasar\u00edan tres a\u00f1os m\u00e1s hasta que HGH (La Hora de la Cosecha) tuviera sus propios programadores nativos.<\/p>\n<p>Para ayudar a financiar el costo de la r\u00e1pida multiplicaci\u00f3n de las estaciones de radio estadounidenses y extranjeras, la posible transmisi\u00f3n de televisi\u00f3n, la gran demanda de materiales impresos y casetes, el aumento en los env\u00edos postales y un nuevo edificio, para eso y mucho m\u00e1s el hermano Bearfield tuvo que viajar extensamente para hablar a las iglesias y grupos de hermanos.<\/p>\n<p>En junio de 1975, con la intenci\u00f3n de incluir alg\u00fan d\u00eda la transmisi\u00f3n de televisi\u00f3n, el personal de La Hora de la Cosecha se mud\u00f3 a un edificio en el parque industrial de Conway. Hasta ese momento hab\u00eda cuarenta y cuatro estaciones en trece estados y tres pa\u00edses extranjeros que emit\u00edan transmisiones de La Hora de la Cosecha (HGH) en 1976 y 1977, siendo estos, los a\u00f1os de un tremendo aumento en las estaciones y lenguas extranjeras.<\/p>\n<p>Fue durante esos a\u00f1os que La Hora de la Cosecha comenz\u00f3 la programaci\u00f3n del evangelio en Medio Oriente, en Israel, Egipto, Siria, L\u00edbano, Jordania, Turqu\u00eda y otros pa\u00edses de habla \u00e1rabe. Tambi\u00e9n se agregaron estaciones de radio en Sierra Leona, Panam\u00e1 y Filipinas. Y en cuatro de esos pa\u00edses, los misioneros de ABM desempe\u00f1aron papeles importantes en el establecimiento de las transmisiones.<\/p>\n<p>En Diciembre, despu\u00e9s de a\u00f1os de oraci\u00f3n, el misionero de Taiw\u00e1n Jack Bateman predic\u00f3 el evangelio en la lengua materna de este pa\u00eds (mandar\u00edn) y a millones de personas en China continental. Cinco programas fueron producidos en un lugar no revelado y tra\u00eddos del \u00abLejano Oriente\u00bb a los estudios de La Hora de la Cosecha (HGH) por el Hno. Bearfield.<\/p>\n<p>En enero de 1978, las emisiones de radio de La Hora de la Cosecha se escucharon en tres idiomas: portugu\u00e9s, illongo y mandar\u00edn. Los tan esperados idiomas espa\u00f1ol y \u00e1rabe fueron agregados en 1979. Las cartas de respuesta de los oyentes a La Hora de la Cosecha (HGH) incluyeron solicitudes de folletos y tratados mencionados en las transmisiones.<\/p>\n<p>Los programas de radio de La Hora de la Cosecha (HGH) nunca pidieron dinero en sus transmisiones al aire (y todav\u00eda no lo hacen), pero los oyentes a menudo enviaban cheques \u00abpara cubrir los gastos de transmisi\u00f3n en nuestra \u00e1rea.\u00bb Las transmisiones, estudios y equipos de producci\u00f3n costosos y a menudo tambi\u00e9n se aseguraban, permitiendo que el edificio quedara libre de deudas a fines de 1978, justo tres a\u00f1os despu\u00e9s de su apertura.<\/p>\n<p>En 1979, hab\u00eda solo ocho empleados en el ministerio, dos coordinadores de idiomas y seis oradores. El ministerio de los medios de comunicaci\u00f3n estaba creciendo, los oyentes de todo el mundo estaban respondiendo, y las solicitudes para nuevas estaciones estaban aumentando. Mantenerse a la vanguardia de la tecnolog\u00eda era una prioridad, as\u00ed que, con los costos de producci\u00f3n en aumento en 1980, se compr\u00f3 una computadora de $20,000 para ayudar a los empleados a \u00abusar nuestro tiempo de manera m\u00e1s efectiva.\u00bb<\/p>\n<p>En junio de ese a\u00f1o, el hermano Bearfield asisti\u00f3 a una conferencia durante la cual se enter\u00f3 de un evento para recaudar fondos llamada \u201cla caminata de fe\u00bb, que represento la primera Camina de fe de La Hora de la Cosecha (HGH). \u00c9l hab\u00eda dirigido el ministerio durante ocho a\u00f1os y sab\u00eda que las transmisiones podr\u00edan llegar a m\u00e1s personas si pudiera transmitirse en m\u00e1s estaciones y en m\u00e1s idiomas, particularmente en los \u00abidiomas nativos\u00bb de sus oyentes.<\/p>\n<p>En octubre de 1980, las iglesias de toda la ABM por primera vez realizaron caminatas de veinte millas y as\u00ed lograron recaudar tres veces la cantidad de dinero que ten\u00eda como objetivo el hermano Bearfield. La Caminata de la Fe hab\u00eda aumentado los fondos presupuestarios que ayudaron a expandir el ministerio de medios de comunicaci\u00f3n, y en los siguientes seis a\u00f1os el evento recaud\u00f3 a\u00fan m\u00e1s fondos.<\/p>\n<p>El hermano Paul Bearfield falleci\u00f3 en enero de 1986 y dos d\u00edas despu\u00e9s la Junta nombr\u00f3 al hermano George Reddin director ejecutivo. Su primer gran objetivo fue actualizar el estudio de grabaci\u00f3n con un costo de $ 90,000. No mucho despu\u00e9s de que se entreg\u00f3 la cotizaci\u00f3n, se recibi\u00f3 un cheque por esa cantidad exacta, lo que signific\u00f3 un consuelo para el hermano Reddin ya que confirm\u00f3 que Dios estar\u00eda con \u00e9l durante su tiempo all\u00ed. Adem\u00e1s de la calidad en los equipos de producci\u00f3n, tambi\u00e9n se centr\u00f3 en la calidad de los miembros del equipo \u00abcuyos talentos superaban los m\u00edos.\u00bb<\/p>\n<p>En 1987, el nombre La Hora de la Cosecha se hab\u00eda vuelto problem\u00e1tico. Era dif\u00edcil de expresarlo claramente, y las palabras \u201cespigador y cosecha\u201d no eran muy conocidas para muchos. Durante una sesi\u00f3n de lluvia de ideas con ejecutivos publicitarios, le preguntaron al hermano George el prop\u00f3sito del ministerio, y \u00e9l respondi\u00f3: \u00abDifundir las palabras de vida a todos en todo el mundo.\u00bb Y desde ese entonces La Hora de la Cosecha pronto se convirti\u00f3 en \u201cLifeword\u201d (Palabra de Vida).<\/p>\n<p>A principios de la d\u00e9cada de 1990, el equipo de Lifeword comenz\u00f3 a apuntar a oyentes no salvos mediante la experimentaci\u00f3n con di\u00e1logos cortos cuya duraci\u00f3n era de un minuto usando eventos de la realidad actual y humor para atraer radio oyentes que nunca sintonizar\u00edan una transmisi\u00f3n religiosa. <\/p>\n<p>El alcance internacional siempre ha sido un impulso importante de Lifeword, especialmente la identificaci\u00f3n de grupos ling\u00fc\u00edsticos con un testimonio limitado del evangelio por radio. La prioridad siempre ha sido dada a las \u00e1reas servidas por los misioneros de la ABM. Con una investigaci\u00f3n diligente y una consulta continua con Las Misiones de la ABM, Lifeword se expandi\u00f3 a m\u00faltiples idiomas, con un total de treinta y cinco cuando el hermano Reddin se retir\u00f3.<\/p>\n<p>La reubicaci\u00f3n sigui\u00f3 siendo un problema secundario hasta que el personal era demasiado y el edificio ya no era suficiente en el \u00e1rea del parque industrial de Conway. En 1994, Lifeword compr\u00f3 una propiedad de $ 2.4 millones en el centro de Conway. Esa propiedad ahora se ha convertido en el Centro Global Ministerial de la ABM, que alberga las oficinas de Lifeword, Misiones de la ABM y La Gu\u00eda del Disc\u00edpulo.<\/p>\n<p>Despu\u00e9s que el hermano George se retir\u00f3 en abril del a\u00f1o 2011, Steve Crawley, quien se hab\u00eda unido al personal como director de finanzas y desarrollo, se convirti\u00f3 en director ejecutivo. Su visi\u00f3n para el futuro se convirti\u00f3 en el pr\u00f3ximo cap\u00edtulo en la historia de Lifeword: una colaboraci\u00f3n m\u00e1s estrecha entre el Departamento de Misiones y la Gu\u00eda del Disc\u00edpulo al pasar de un nivel de cooperaci\u00f3n a la integraci\u00f3n con el prop\u00f3sito de funcionar juntos de manera m\u00e1s estrat\u00e9gica.<\/p>\n<p>Como parte de este esfuerzo, la nueva filosof\u00eda de Lifeword para la actividad misionera global en medios de comunicaci\u00f3n se convirti\u00f3 en una herramienta para impulsar la responsabilidad a los productores extranjeros. Mientras continuamos avanzando a su lado, entren\u00e1ndolos y apoy\u00e1ndolos a trav\u00e9s del proceso inicial, as\u00ed el ministerio ya no mantendr\u00e1 una estructura que requiera un apoyo permanente. En cambio, el \u00abandamiaje\u00bb temporal se construir\u00eda a trav\u00e9s del entrenamiento, luego se \u00abdesmontar\u00eda\u00bb y se trasladar\u00eda a otra regi\u00f3n del mundo una vez que las iglesias hayan tomado posesi\u00f3n de la transmisi\u00f3n.<\/p>\n<p>Adem\u00e1s, la visi\u00f3n de Crawley de tener los departamentos integrados se hizo realidad durante su liderazgo. El antiguo campus de Lifeword es ahora el hogar del Centro Global Ministerial de la ABM (GMC), que alberga a Lifeword, Misiones BMA, La Gu\u00eda del Disc\u00edpulo y al personal de la Fundaci\u00f3n ABM. Los ahorros en los costos de este traslado a un nuevo edificio le han permitido a Lifeword aprovechar oportunidades adicionales y hacer m\u00e1s proyectos ministeriales con menos fondos. Un ejemplo son las estaciones de radio comunitarias que usan frecuencias de baja potencia para el trabajo ministerial dentro de una radio de cinco a siete millas de sus torres. Desde 2014, cuando se instal\u00f3 la primera, estas estaciones administradas localmente han llegado antes o han sido llevadas por los misioneros que plantan iglesias en las aldeas.<\/p>\n<p>Steve Crawley puso a Lifeword en una posici\u00f3n financiera firme antes de renunciar en febrero de 2017, pero contin\u00faa supervisando la contabilidad. Ahora, el hermano Donny Parrish, quien se uni\u00f3 al equipo un a\u00f1o antes de la renuncia de Crawley, fue nombrado director ejecutivo de Lifeword en mayo de 2017. Y poco despu\u00e9s de su nombramiento, comenz\u00f3 a implementar su visi\u00f3n de utilizar la tecnolog\u00eda de la Nube para expandir la huella global del ministerio. Despu\u00e9s de que se construya la nube, el sitio web de Lifeword, lifeword.org, ser\u00e1 un lugar para que las personas accedan al Evangelio en sus idiomas nativos desde cualquier lugar y en cualquier momento.<\/p>\n<p>El objetivo final de Parrish y del equipo es tener una presentaci\u00f3n del evangelio disponible en audio y video en 200 de los idiomas que hay en el mundo. Productores, directores de estaci\u00f3n, traductores, ingenieros y locutores de todo el mundo est\u00e1n ayudando a hacer posible este esfuerzo. Los miembros del personal de Lifeword en los Estados Unidos, y m\u00e1s de mil en todo el mundo, trabajan para producir contenido en la nube para que pueda ser descargada, compartida y transmitida.<\/p>\n<p>Harold Morris dif\u00edcilmente pudo haber imaginado la tecnolog\u00eda que utilizar\u00edamos hoy para difundir el evangelio a trav\u00e9s de los medios de comunicaci\u00f3n. Desde una transmisi\u00f3n de un solo hombre en un garaje en Conway, Arkansas, hasta tener un equipo mundial que produce programas en 42 idiomas, sin lugar a dudas podemos decir que Lifeword est\u00e1 haciendo famoso el nombre de Jes\u00fas a nivel mundial.<\/p>\n<\/p><\/div>\n<\/p><\/div>\n<p><\/main><\/p>\n","protected":false},"excerpt":{"rendered":"<p>Sobre nosotros Misi\u00f3n y Visi\u00f3n Idiomas de difusi\u00f3n y \u00e1reas de destino historia Junta Directiva Personal Historia La historian de [&hellip;]<\/p>\n","protected":false},"author":1,"featured_media":0,"parent":33,"menu_order":0,"comment_status":"closed","ping_status":"closed","template":"","meta":{"_uag_custom_page_level_css":"","footnotes":""},"class_list":["post-41","page","type-page","status-publish","hentry"],"yoast_head":"<!-- This site is optimized with the Yoast SEO plugin v27.1.1 - https:\/\/yoast.com\/product\/yoast-seo-wordpress\/ -->\n<title>historia - Lifeword en Espa\u00f1ol<\/title>\n<meta name=\"robots\" content=\"index, follow, max-snippet:-1, max-image-preview:large, max-video-preview:-1\" \/>\n<link rel=\"canonical\" href=\"https:\/\/lifeword.org\/spanish\/about\/history\/\" \/>\n<meta property=\"og:locale\" content=\"es_ES\" \/>\n<meta property=\"og:type\" content=\"article\" \/>\n<meta property=\"og:title\" content=\"historia - Lifeword en Espa\u00f1ol\" \/>\n<meta property=\"og:description\" content=\"Sobre nosotros Misi\u00f3n y Visi\u00f3n Idiomas de difusi\u00f3n y \u00e1reas de destino historia Junta Directiva Personal Historia La historian de [&hellip;]\" \/>\n<meta property=\"og:url\" content=\"https:\/\/lifeword.org\/spanish\/about\/history\/\" \/>\n<meta property=\"og:site_name\" content=\"Lifeword en Espa\u00f1ol\" \/>\n<meta property=\"article:modified_time\" content=\"2018-08-16T12:54:06+00:00\" \/>\n<meta name=\"twitter:card\" content=\"summary_large_image\" \/>\n<meta name=\"twitter:label1\" content=\"Tiempo de lectura\" \/>\n\t<meta name=\"twitter:data1\" content=\"13 minutos\" \/>\n<script type=\"application\/ld+json\" class=\"yoast-schema-graph\">{\"@context\":\"https:\/\/schema.org\",\"@graph\":[{\"@type\":\"WebPage\",\"@id\":\"https:\/\/lifeword.org\/spanish\/about\/history\/\",\"url\":\"https:\/\/lifeword.org\/spanish\/about\/history\/\",\"name\":\"historia - Lifeword en Espa\u00f1ol\",\"isPartOf\":{\"@id\":\"https:\/\/lifeword.org\/spanish\/#website\"},\"datePublished\":\"2018-02-22T02:20:34+00:00\",\"dateModified\":\"2018-08-16T12:54:06+00:00\",\"breadcrumb\":{\"@id\":\"https:\/\/lifeword.org\/spanish\/about\/history\/#breadcrumb\"},\"inLanguage\":\"es\",\"potentialAction\":[{\"@type\":\"ReadAction\",\"target\":[\"https:\/\/lifeword.org\/spanish\/about\/history\/\"]}]},{\"@type\":\"BreadcrumbList\",\"@id\":\"https:\/\/lifeword.org\/spanish\/about\/history\/#breadcrumb\",\"itemListElement\":[{\"@type\":\"ListItem\",\"position\":1,\"name\":\"Home\",\"item\":\"https:\/\/lifeword.org\/spanish\/\"},{\"@type\":\"ListItem\",\"position\":2,\"name\":\"Quienes somos\",\"item\":\"https:\/\/lifeword.org\/spanish\/about\/\"},{\"@type\":\"ListItem\",\"position\":3,\"name\":\"historia\"}]},{\"@type\":\"WebSite\",\"@id\":\"https:\/\/lifeword.org\/spanish\/#website\",\"url\":\"https:\/\/lifeword.org\/spanish\/\",\"name\":\"Lifeword en Espa\u00f1ol\",\"description\":\"Palabras De Vida\",\"potentialAction\":[{\"@type\":\"SearchAction\",\"target\":{\"@type\":\"EntryPoint\",\"urlTemplate\":\"https:\/\/lifeword.org\/spanish\/?s={search_term_string}\"},\"query-input\":{\"@type\":\"PropertyValueSpecification\",\"valueRequired\":true,\"valueName\":\"search_term_string\"}}],\"inLanguage\":\"es\"}]}<\/script>\n<!-- \/ Yoast SEO plugin. -->","yoast_head_json":{"title":"historia - Lifeword en Espa\u00f1ol","robots":{"index":"index","follow":"follow","max-snippet":"max-snippet:-1","max-image-preview":"max-image-preview:large","max-video-preview":"max-video-preview:-1"},"canonical":"https:\/\/lifeword.org\/spanish\/about\/history\/","og_locale":"es_ES","og_type":"article","og_title":"historia - Lifeword en Espa\u00f1ol","og_description":"Sobre nosotros Misi\u00f3n y Visi\u00f3n Idiomas de difusi\u00f3n y \u00e1reas de destino historia Junta Directiva Personal Historia La historian de [&hellip;]","og_url":"https:\/\/lifeword.org\/spanish\/about\/history\/","og_site_name":"Lifeword en Espa\u00f1ol","article_modified_time":"2018-08-16T12:54:06+00:00","twitter_card":"summary_large_image","twitter_misc":{"Tiempo de lectura":"13 minutos"},"schema":{"@context":"https:\/\/schema.org","@graph":[{"@type":"WebPage","@id":"https:\/\/lifeword.org\/spanish\/about\/history\/","url":"https:\/\/lifeword.org\/spanish\/about\/history\/","name":"historia - Lifeword en Espa\u00f1ol","isPartOf":{"@id":"https:\/\/lifeword.org\/spanish\/#website"},"datePublished":"2018-02-22T02:20:34+00:00","dateModified":"2018-08-16T12:54:06+00:00","breadcrumb":{"@id":"https:\/\/lifeword.org\/spanish\/about\/history\/#breadcrumb"},"inLanguage":"es","potentialAction":[{"@type":"ReadAction","target":["https:\/\/lifeword.org\/spanish\/about\/history\/"]}]},{"@type":"BreadcrumbList","@id":"https:\/\/lifeword.org\/spanish\/about\/history\/#breadcrumb","itemListElement":[{"@type":"ListItem","position":1,"name":"Home","item":"https:\/\/lifeword.org\/spanish\/"},{"@type":"ListItem","position":2,"name":"Quienes somos","item":"https:\/\/lifeword.org\/spanish\/about\/"},{"@type":"ListItem","position":3,"name":"historia"}]},{"@type":"WebSite","@id":"https:\/\/lifeword.org\/spanish\/#website","url":"https:\/\/lifeword.org\/spanish\/","name":"Lifeword en Espa\u00f1ol","description":"Palabras De Vida","potentialAction":[{"@type":"SearchAction","target":{"@type":"EntryPoint","urlTemplate":"https:\/\/lifeword.org\/spanish\/?s={search_term_string}"},"query-input":{"@type":"PropertyValueSpecification","valueRequired":true,"valueName":"search_term_string"}}],"inLanguage":"es"}]}},"uagb_featured_image_src":{"full":false,"thumbnail":false,"medium":false,"medium_large":false,"large":false,"1536x1536":false,"2048x2048":false,"post-thumbnail":false,"lifeword-detail-thumb":false,"lifeword-slider-thumb":false,"lifeword-list-thumb":false,"gform-image-choice-sm":false,"gform-image-choice-md":false,"gform-image-choice-lg":false},"uagb_author_info":{"display_name":"lifeword","author_link":"https:\/\/lifeword.org\/spanish\/author\/lifeword\/"},"uagb_comment_info":0,"uagb_excerpt":"Sobre nosotros Misi\u00f3n y Visi\u00f3n Idiomas de difusi\u00f3n y \u00e1reas de destino historia Junta Directiva Personal Historia La historian de [&hellip;]","_links":{"self":[{"href":"https:\/\/lifeword.org\/spanish\/wp-json\/wp\/v2\/pages\/41","targetHints":{"allow":["GET"]}}],"collection":[{"href":"https:\/\/lifeword.org\/spanish\/wp-json\/wp\/v2\/pages"}],"about":[{"href":"https:\/\/lifeword.org\/spanish\/wp-json\/wp\/v2\/types\/page"}],"author":[{"embeddable":true,"href":"https:\/\/lifeword.org\/spanish\/wp-json\/wp\/v2\/users\/1"}],"replies":[{"embeddable":true,"href":"https:\/\/lifeword.org\/spanish\/wp-json\/wp\/v2\/comments?post=41"}],"version-history":[{"count":4,"href":"https:\/\/lifeword.org\/spanish\/wp-json\/wp\/v2\/pages\/41\/revisions"}],"predecessor-version":[{"id":234,"href":"https:\/\/lifeword.org\/spanish\/wp-json\/wp\/v2\/pages\/41\/revisions\/234"}],"up":[{"embeddable":true,"href":"https:\/\/lifeword.org\/spanish\/wp-json\/wp\/v2\/pages\/33"}],"wp:attachment":[{"href":"https:\/\/lifeword.org\/spanish\/wp-json\/wp\/v2\/media?parent=41"}],"curies":[{"name":"wp","href":"https:\/\/api.w.org\/{rel}","templated":true}]}}