{"id":39,"date":"2018-02-22T02:12:38","date_gmt":"2018-02-22T02:12:38","guid":{"rendered":"https:\/\/lifeword.org\/spanish\/?page_id=39"},"modified":"2018-08-16T13:02:20","modified_gmt":"2018-08-16T13:02:20","slug":"broadcast-languages-target-areas","status":"publish","type":"page","link":"https:\/\/lifeword.org\/spanish\/about\/broadcast-languages-target-areas\/","title":{"rendered":"Idiomas de difusi\u00f3n y \u00e1reas de destino"},"content":{"rendered":"<p><main><\/p>\n<div class=\"wwa wbg\">\n<div class=\"container\">\n<div class=\"i-nav\">\n<ul>\n<li><a href=\"https:\/\/lifeword.org\/spanish\/about\/about\/\">Sobre nosotros<\/a><\/li>\n<li><a href=\"https:\/\/lifeword.org\/spanish\/about\/mission-vision\/\/\"> Misi\u00f3n y Visi\u00f3n<\/a><\/li>\n<li><a href=\"https:\/\/lifeword.org\/spanish\/about\/broadcast-languages-target-areas\/\">Idiomas de difusi\u00f3n y \u00e1reas de destino<\/a><\/li>\n<li><a href=\"https:\/\/lifeword.org\/spanish\/about\/history\/\">historia<\/a><\/li>\n<li><a href=\"https:\/\/lifeword.org\/spanish\/about\/board-of-directors\/\">Junta Directiva<\/a><\/li>\n<li><a href=\"https:\/\/lifeword.org\/spanish\/about\/staff\/\">Personal<\/a><\/li>\n<\/ul><\/div>\n<div class=\"hhdr\">Idiomas de difusi\u00f3n y \u00e1reas de destino<\/div>\n<div class=\"row cont\">\n<div class=\"col-12 col-lg-4 col-md-4 col-sm-6\">\n<p>Arabe<br \/>\n              <em>(Australia, Canad\u00e1, Estados Unidos) <\/em><\/p>\n<p> Armenio<br \/>\n              <em>(Armenia) <\/em><\/p>\n<p>Aymara<br \/>\n\t\t\t  <em>(Bolivia y, Peru)<\/em><\/p>\n<p> Sorsogon Bicol- Del Norte<br \/>\n              <em>(Filipinas)<\/em><\/p>\n<p> Sorgoson Bicol- Del Sur<br \/>\n              <em>(Filipinas)<\/em><\/p>\n<p> Bicol-Waray<br \/>\n              <em>(Filipinas)<\/em><\/p>\n<p> Birmano<br \/>\n              <em>(Myanmar or Birmania)<\/em><\/p>\n<p> Cebuano<br \/>\n              <em>(Filipinas)<\/p>\n<p>              <\/em>Dangme<br \/>\n              <em>(Ghana) <\/em><\/p>\n<p> Ingl\u00e9s<br \/>\n              <em>(Canad\u00e1, Sud\u00e1frica, Estados Unidos)<\/em><\/p>\n<p>Ingl\u00e9s-Nativo Americano<br \/>\n\t\t\t  <em>(Am\u00e9rica)<\/em><\/p>\n<p> Ewe<br \/>\n              <em>(Ben\u00edn, Ghana, Togo)<\/em><\/p>\n<p>Fante\u00a0<br \/>\n\t\t\t  <em>(Ghana)<\/em><\/p>\n<p> Farsi<br \/>\n              <em>(Afganist\u00e1n, Armenia, Ir\u00e1n, Turqu\u00eda, Turkmenist\u00e1n)<\/em><\/p>\n<p> Franco-africano<br \/>\n              <em>(Argelia, Ben\u00edn, Camer\u00fan, Rep\u00fablica Centroafricana,<br \/>\n\t\t\t  Comoras, Costa de Marfil, Rep\u00fablica Democr\u00e1tica del Congo,<br \/>\n\t\t\t  Guinea Ecuatorial, Gab\u00f3n, Gambia, Ghana, Guinea, Guinea Bissau, Madagascar, Mal\u00ed, Mauritania, Mauricio, N\u00edger, Nigeria, Rep\u00fablica del Congo, Reuni\u00f3n, Ruanda, Senegal, Togo)<\/em>\n            <\/p>\n<\/p><\/div>\n<div class=\"col-12 col-lg-4 col-md-4 col-sm-6\">\n<p>\n              Gar\u00edfuna\u00a0<br \/>\n              <em>(Belice, Guatemala, Honduras)<\/em><\/p>\n<p> Hausa<br \/>\n              <em>(Chad, Nigeria, Ben\u00edn, Togo, Ghana, Burkina Faso, Mali, Niger)<\/em><\/p>\n<p> Igbo<br \/>\n              <em>(Nigeria)<\/em><\/p>\n<p>Ilongo<br \/>\n\t\t\t  <em>(Filipinas)<\/em><\/p>\n<p> Kannada<br \/>\n              <em>(India)<\/em><\/p>\n<p> Kekchi<br \/>\n              <em>(Guatemala)<\/em><\/p>\n<p> Khmer<br \/>\n              <em>(Camboya)<\/em><\/p>\n<p> Krahn-Western<br \/>\n              <em>(Cote, d\u2019Ivoire, Liberia) <\/em><\/p>\n<p>Ingl\u00e9s Liberiano<br \/>\n\t\t\t  <em>(Juventud Liberiana)<\/em><\/p>\n<p> Mampruli<br \/>\n              <em>(Ghana) <\/em><\/p>\n<p> Marwari<br \/>\n              <em>(India, Pakistan)<\/em><\/p>\n<p> Moor\u00e9<br \/>\n              <em>(Burkina Faso, Cote d\u2019Ivoire, Ghana)<\/em><\/p>\n<p>Nabt<br \/>\n              <em>(Burkina Faso, Ghana)<\/em>\n            <\/p>\n<\/p><\/div>\n<div class=\"col-12 col-lg-4 col-md-4 col-sm-6\">\n<p>               Portugu\u00e9s<br \/>\n              <em>(Brasil) <\/em><\/p>\n<p> Gitano-Kalderash<br \/>\n              <em>(Rumania)<\/em><\/p>\n<p> Ruso<br \/>\n              <em>(Rusia, USA) <\/em><\/p>\n<p>Songhai<br \/>\n              <em>(Burkina Faso, Guinea, Mali, Mauritania) <\/em><\/p>\n<p> Espa\u00f1ol\u00a0<br \/>\n              <em>(Argentina, Belice, Bolivia, Canad\u00e1, Chile,<br \/>\n\t\t\t  Colombia, Costa Rica, Cuba, Rep\u00fablica Dominicana,<br \/>\n\t\t\t  Ecuador, El Salvador, Alemania Guatemala, Honduras,<br \/>\n\t\t\t  Jamaica, M\u00e9xico, Nicaragua, Panam\u00e1, Paraguay, Per\u00fa<br \/>\n\t\t\t  , Puerto Rico, Espa\u00f1a, USA, Uruguay, Venezuela)<br \/>\n              <\/em><\/p>\n<p> Swahili<br \/>\n              <em>(Tanzania, Kenia, Ruanda, Burundi) <\/em><\/p>\n<p>Tagalog<br \/>\n              <em>(Filipinas)<\/em><\/p>\n<p>Tem\/Kotokoli<br \/>\n\t\t\t  <em>(Togo, Ghana, Benin)<\/em><\/p>\n<p> Twi<br \/>\n              <em>(Ghana) <\/em><\/p>\n<p> Ucraniano\u00a0<br \/>\n              <em>(Canad\u00e1, USA, Ucrania) <\/em><\/p>\n<p> Vai<br \/>\n              <em>(Liberia, Sierra Leone)<\/em><\/p>\n<p> Waray-Waray<br \/>\n              <em>(Filipinas)<\/em><\/p>\n<p> Yoruba<br \/>\n              <em>(Nigeria)<\/em>\n            <\/p>\n<\/p><\/div>\n<\/p><\/div>\n<\/p><\/div>\n<\/p><\/div>\n<p>  <\/main><\/p>\n","protected":false},"excerpt":{"rendered":"<p>Sobre nosotros Misi\u00f3n y Visi\u00f3n Idiomas de difusi\u00f3n y \u00e1reas de destino historia Junta Directiva Personal Idiomas de difusi\u00f3n y [&hellip;]<\/p>\n","protected":false},"author":1,"featured_media":0,"parent":33,"menu_order":0,"comment_status":"closed","ping_status":"closed","template":"","meta":{"_uag_custom_page_level_css":"","footnotes":""},"class_list":["post-39","page","type-page","status-publish","hentry"],"yoast_head":"<!-- This site is optimized with the Yoast SEO plugin v27.3 - https:\/\/yoast.com\/product\/yoast-seo-wordpress\/ -->\n<title>Idiomas de difusi\u00f3n y \u00e1reas de destino - Lifeword en Espa\u00f1ol<\/title>\n<meta name=\"robots\" content=\"index, follow, max-snippet:-1, max-image-preview:large, max-video-preview:-1\" \/>\n<link rel=\"canonical\" href=\"https:\/\/lifeword.org\/spanish\/about\/broadcast-languages-target-areas\/\" \/>\n<meta property=\"og:locale\" content=\"es_ES\" \/>\n<meta property=\"og:type\" content=\"article\" \/>\n<meta property=\"og:title\" content=\"Idiomas de difusi\u00f3n y \u00e1reas de destino - Lifeword en Espa\u00f1ol\" \/>\n<meta property=\"og:description\" content=\"Sobre nosotros Misi\u00f3n y Visi\u00f3n Idiomas de difusi\u00f3n y \u00e1reas de destino historia Junta Directiva Personal Idiomas de difusi\u00f3n y [&hellip;]\" \/>\n<meta property=\"og:url\" content=\"https:\/\/lifeword.org\/spanish\/about\/broadcast-languages-target-areas\/\" \/>\n<meta property=\"og:site_name\" content=\"Lifeword en Espa\u00f1ol\" \/>\n<meta property=\"article:modified_time\" content=\"2018-08-16T13:02:20+00:00\" \/>\n<meta name=\"twitter:card\" content=\"summary_large_image\" \/>\n<meta name=\"twitter:label1\" content=\"Tiempo de lectura\" \/>\n\t<meta name=\"twitter:data1\" content=\"1 minuto\" \/>\n<script type=\"application\/ld+json\" class=\"yoast-schema-graph\">{\"@context\":\"https:\\\/\\\/schema.org\",\"@graph\":[{\"@type\":\"WebPage\",\"@id\":\"https:\\\/\\\/lifeword.org\\\/spanish\\\/about\\\/broadcast-languages-target-areas\\\/\",\"url\":\"https:\\\/\\\/lifeword.org\\\/spanish\\\/about\\\/broadcast-languages-target-areas\\\/\",\"name\":\"Idiomas de difusi\u00f3n y \u00e1reas de destino - Lifeword en Espa\u00f1ol\",\"isPartOf\":{\"@id\":\"https:\\\/\\\/lifeword.org\\\/spanish\\\/#website\"},\"datePublished\":\"2018-02-22T02:12:38+00:00\",\"dateModified\":\"2018-08-16T13:02:20+00:00\",\"breadcrumb\":{\"@id\":\"https:\\\/\\\/lifeword.org\\\/spanish\\\/about\\\/broadcast-languages-target-areas\\\/#breadcrumb\"},\"inLanguage\":\"es\",\"potentialAction\":[{\"@type\":\"ReadAction\",\"target\":[\"https:\\\/\\\/lifeword.org\\\/spanish\\\/about\\\/broadcast-languages-target-areas\\\/\"]}]},{\"@type\":\"BreadcrumbList\",\"@id\":\"https:\\\/\\\/lifeword.org\\\/spanish\\\/about\\\/broadcast-languages-target-areas\\\/#breadcrumb\",\"itemListElement\":[{\"@type\":\"ListItem\",\"position\":1,\"name\":\"Home\",\"item\":\"https:\\\/\\\/lifeword.org\\\/spanish\\\/\"},{\"@type\":\"ListItem\",\"position\":2,\"name\":\"Quienes somos\",\"item\":\"https:\\\/\\\/lifeword.org\\\/spanish\\\/about\\\/\"},{\"@type\":\"ListItem\",\"position\":3,\"name\":\"Idiomas de difusi\u00f3n y \u00e1reas de destino\"}]},{\"@type\":\"WebSite\",\"@id\":\"https:\\\/\\\/lifeword.org\\\/spanish\\\/#website\",\"url\":\"https:\\\/\\\/lifeword.org\\\/spanish\\\/\",\"name\":\"Lifeword en Espa\u00f1ol\",\"description\":\"Palabras De Vida\",\"potentialAction\":[{\"@type\":\"SearchAction\",\"target\":{\"@type\":\"EntryPoint\",\"urlTemplate\":\"https:\\\/\\\/lifeword.org\\\/spanish\\\/?s={search_term_string}\"},\"query-input\":{\"@type\":\"PropertyValueSpecification\",\"valueRequired\":true,\"valueName\":\"search_term_string\"}}],\"inLanguage\":\"es\"}]}<\/script>\n<!-- \/ Yoast SEO plugin. -->","yoast_head_json":{"title":"Idiomas de difusi\u00f3n y \u00e1reas de destino - Lifeword en Espa\u00f1ol","robots":{"index":"index","follow":"follow","max-snippet":"max-snippet:-1","max-image-preview":"max-image-preview:large","max-video-preview":"max-video-preview:-1"},"canonical":"https:\/\/lifeword.org\/spanish\/about\/broadcast-languages-target-areas\/","og_locale":"es_ES","og_type":"article","og_title":"Idiomas de difusi\u00f3n y \u00e1reas de destino - Lifeword en Espa\u00f1ol","og_description":"Sobre nosotros Misi\u00f3n y Visi\u00f3n Idiomas de difusi\u00f3n y \u00e1reas de destino historia Junta Directiva Personal Idiomas de difusi\u00f3n y [&hellip;]","og_url":"https:\/\/lifeword.org\/spanish\/about\/broadcast-languages-target-areas\/","og_site_name":"Lifeword en Espa\u00f1ol","article_modified_time":"2018-08-16T13:02:20+00:00","twitter_card":"summary_large_image","twitter_misc":{"Tiempo de lectura":"1 minuto"},"schema":{"@context":"https:\/\/schema.org","@graph":[{"@type":"WebPage","@id":"https:\/\/lifeword.org\/spanish\/about\/broadcast-languages-target-areas\/","url":"https:\/\/lifeword.org\/spanish\/about\/broadcast-languages-target-areas\/","name":"Idiomas de difusi\u00f3n y \u00e1reas de destino - Lifeword en Espa\u00f1ol","isPartOf":{"@id":"https:\/\/lifeword.org\/spanish\/#website"},"datePublished":"2018-02-22T02:12:38+00:00","dateModified":"2018-08-16T13:02:20+00:00","breadcrumb":{"@id":"https:\/\/lifeword.org\/spanish\/about\/broadcast-languages-target-areas\/#breadcrumb"},"inLanguage":"es","potentialAction":[{"@type":"ReadAction","target":["https:\/\/lifeword.org\/spanish\/about\/broadcast-languages-target-areas\/"]}]},{"@type":"BreadcrumbList","@id":"https:\/\/lifeword.org\/spanish\/about\/broadcast-languages-target-areas\/#breadcrumb","itemListElement":[{"@type":"ListItem","position":1,"name":"Home","item":"https:\/\/lifeword.org\/spanish\/"},{"@type":"ListItem","position":2,"name":"Quienes somos","item":"https:\/\/lifeword.org\/spanish\/about\/"},{"@type":"ListItem","position":3,"name":"Idiomas de difusi\u00f3n y \u00e1reas de destino"}]},{"@type":"WebSite","@id":"https:\/\/lifeword.org\/spanish\/#website","url":"https:\/\/lifeword.org\/spanish\/","name":"Lifeword en Espa\u00f1ol","description":"Palabras De Vida","potentialAction":[{"@type":"SearchAction","target":{"@type":"EntryPoint","urlTemplate":"https:\/\/lifeword.org\/spanish\/?s={search_term_string}"},"query-input":{"@type":"PropertyValueSpecification","valueRequired":true,"valueName":"search_term_string"}}],"inLanguage":"es"}]}},"uagb_featured_image_src":{"full":false,"thumbnail":false,"medium":false,"medium_large":false,"large":false,"1536x1536":false,"2048x2048":false,"post-thumbnail":false,"lifeword-detail-thumb":false,"lifeword-slider-thumb":false,"lifeword-list-thumb":false,"gform-image-choice-sm":false,"gform-image-choice-md":false,"gform-image-choice-lg":false},"uagb_author_info":{"display_name":"lifeword","author_link":"https:\/\/lifeword.org\/spanish\/author\/lifeword\/"},"uagb_comment_info":0,"uagb_excerpt":"Sobre nosotros Misi\u00f3n y Visi\u00f3n Idiomas de difusi\u00f3n y \u00e1reas de destino historia Junta Directiva Personal Idiomas de difusi\u00f3n y [&hellip;]","_links":{"self":[{"href":"https:\/\/lifeword.org\/spanish\/wp-json\/wp\/v2\/pages\/39","targetHints":{"allow":["GET"]}}],"collection":[{"href":"https:\/\/lifeword.org\/spanish\/wp-json\/wp\/v2\/pages"}],"about":[{"href":"https:\/\/lifeword.org\/spanish\/wp-json\/wp\/v2\/types\/page"}],"author":[{"embeddable":true,"href":"https:\/\/lifeword.org\/spanish\/wp-json\/wp\/v2\/users\/1"}],"replies":[{"embeddable":true,"href":"https:\/\/lifeword.org\/spanish\/wp-json\/wp\/v2\/comments?post=39"}],"version-history":[{"count":7,"href":"https:\/\/lifeword.org\/spanish\/wp-json\/wp\/v2\/pages\/39\/revisions"}],"predecessor-version":[{"id":137,"href":"https:\/\/lifeword.org\/spanish\/wp-json\/wp\/v2\/pages\/39\/revisions\/137"}],"up":[{"embeddable":true,"href":"https:\/\/lifeword.org\/spanish\/wp-json\/wp\/v2\/pages\/33"}],"wp:attachment":[{"href":"https:\/\/lifeword.org\/spanish\/wp-json\/wp\/v2\/media?parent=39"}],"curies":[{"name":"wp","href":"https:\/\/api.w.org\/{rel}","templated":true}]}}