{"id":25,"date":"2018-02-22T02:06:25","date_gmt":"2018-02-22T02:06:25","guid":{"rendered":"https:\/\/lifeword.org\/spanish\/?page_id=25"},"modified":"2019-05-29T15:05:28","modified_gmt":"2019-05-29T15:05:28","slug":"faith-inner-circle","status":"publish","type":"page","link":"https:\/\/lifeword.org\/spanish\/donate\/faith-inner-circle\/","title":{"rendered":"C\u00edrculo Interno de Fe"},"content":{"rendered":"\n<h2 class=\"wp-block-heading\">C\u00edrculo Interno de Fe<\/h2>\n\n\n\n<p>El C\u00edrculo Interno de Fe est\u00e1 formado por amigos fieles que apoyan a Lifeword de forma regular y que reciben un bolet\u00edn mensual sobre las transmisiones en todo el mundo, especialmente en \u00e1reas creativas y de acceso cerrado. Los miembros de FIC (C\u00edrculo Interno de Fe) dan sus ofrendas por medio de cheques o transferencias bancarias autom\u00e1ticas.<\/p>\n\n\n\n<p>Si usted tiene el llamado en su coraz\u00f3n para difundir el Evangelio y desea formar parte de El C\u00edrculo Interno de Fe comun\u00edquese con Holly Meriweather al 1.800.543.1090 o env\u00ede un correo electr\u00f3nico a<br><a href=\"mailto:holly@lifeword.org\">holly@lifeword.org<\/a> y nosotros nos encargaremos del resto.<\/p>\n\n\n\n<figure class=\"wp-block-image\"><img decoding=\"async\" src=\"https:\/\/s3.amazonaws.com\/lifeword-dev-assets\/images\/new-fic-logo.png\" alt=\"Faith Inner Circle\"\/><\/figure>\n","protected":false},"excerpt":{"rendered":"<p>C\u00edrculo Interno de Fe El C\u00edrculo Interno de Fe est\u00e1 formado por amigos fieles que apoyan a Lifeword de forma [&hellip;]<\/p>\n","protected":false},"author":1,"featured_media":0,"parent":18,"menu_order":0,"comment_status":"closed","ping_status":"closed","template":"inner-template.php","meta":{"_uag_custom_page_level_css":"","footnotes":""},"class_list":["post-25","page","type-page","status-publish","hentry"],"yoast_head":"<!-- This site is optimized with the Yoast SEO plugin v27.3 - https:\/\/yoast.com\/product\/yoast-seo-wordpress\/ -->\n<title>C\u00edrculo Interno de Fe - Lifeword en Espa\u00f1ol<\/title>\n<meta name=\"robots\" content=\"index, follow, max-snippet:-1, max-image-preview:large, max-video-preview:-1\" \/>\n<link rel=\"canonical\" href=\"https:\/\/lifeword.org\/spanish\/donate\/faith-inner-circle\/\" \/>\n<meta property=\"og:locale\" content=\"es_ES\" \/>\n<meta property=\"og:type\" content=\"article\" \/>\n<meta property=\"og:title\" content=\"C\u00edrculo Interno de Fe - Lifeword en Espa\u00f1ol\" \/>\n<meta property=\"og:description\" content=\"C\u00edrculo Interno de Fe El C\u00edrculo Interno de Fe est\u00e1 formado por amigos fieles que apoyan a Lifeword de forma [&hellip;]\" \/>\n<meta property=\"og:url\" content=\"https:\/\/lifeword.org\/spanish\/donate\/faith-inner-circle\/\" \/>\n<meta property=\"og:site_name\" content=\"Lifeword en Espa\u00f1ol\" \/>\n<meta property=\"article:modified_time\" content=\"2019-05-29T15:05:28+00:00\" \/>\n<meta property=\"og:image\" content=\"https:\/\/s3.amazonaws.com\/lifeword-dev-assets\/images\/new-fic-logo.png\" \/>\n<meta name=\"twitter:card\" content=\"summary_large_image\" \/>\n<meta name=\"twitter:label1\" content=\"Tiempo de lectura\" \/>\n\t<meta name=\"twitter:data1\" content=\"1 minuto\" \/>\n<script type=\"application\/ld+json\" class=\"yoast-schema-graph\">{\"@context\":\"https:\\\/\\\/schema.org\",\"@graph\":[{\"@type\":\"WebPage\",\"@id\":\"https:\\\/\\\/lifeword.org\\\/spanish\\\/donate\\\/faith-inner-circle\\\/\",\"url\":\"https:\\\/\\\/lifeword.org\\\/spanish\\\/donate\\\/faith-inner-circle\\\/\",\"name\":\"C\u00edrculo Interno de Fe - Lifeword en Espa\u00f1ol\",\"isPartOf\":{\"@id\":\"https:\\\/\\\/lifeword.org\\\/spanish\\\/#website\"},\"primaryImageOfPage\":{\"@id\":\"https:\\\/\\\/lifeword.org\\\/spanish\\\/donate\\\/faith-inner-circle\\\/#primaryimage\"},\"image\":{\"@id\":\"https:\\\/\\\/lifeword.org\\\/spanish\\\/donate\\\/faith-inner-circle\\\/#primaryimage\"},\"thumbnailUrl\":\"https:\\\/\\\/s3.amazonaws.com\\\/lifeword-dev-assets\\\/images\\\/new-fic-logo.png\",\"datePublished\":\"2018-02-22T02:06:25+00:00\",\"dateModified\":\"2019-05-29T15:05:28+00:00\",\"breadcrumb\":{\"@id\":\"https:\\\/\\\/lifeword.org\\\/spanish\\\/donate\\\/faith-inner-circle\\\/#breadcrumb\"},\"inLanguage\":\"es\",\"potentialAction\":[{\"@type\":\"ReadAction\",\"target\":[\"https:\\\/\\\/lifeword.org\\\/spanish\\\/donate\\\/faith-inner-circle\\\/\"]}]},{\"@type\":\"ImageObject\",\"inLanguage\":\"es\",\"@id\":\"https:\\\/\\\/lifeword.org\\\/spanish\\\/donate\\\/faith-inner-circle\\\/#primaryimage\",\"url\":\"https:\\\/\\\/s3.amazonaws.com\\\/lifeword-dev-assets\\\/images\\\/new-fic-logo.png\",\"contentUrl\":\"https:\\\/\\\/s3.amazonaws.com\\\/lifeword-dev-assets\\\/images\\\/new-fic-logo.png\"},{\"@type\":\"BreadcrumbList\",\"@id\":\"https:\\\/\\\/lifeword.org\\\/spanish\\\/donate\\\/faith-inner-circle\\\/#breadcrumb\",\"itemListElement\":[{\"@type\":\"ListItem\",\"position\":1,\"name\":\"Home\",\"item\":\"https:\\\/\\\/lifeword.org\\\/spanish\\\/\"},{\"@type\":\"ListItem\",\"position\":2,\"name\":\"Donar\",\"item\":\"https:\\\/\\\/lifeword.org\\\/spanish\\\/donate\\\/\"},{\"@type\":\"ListItem\",\"position\":3,\"name\":\"C\u00edrculo Interno de Fe\"}]},{\"@type\":\"WebSite\",\"@id\":\"https:\\\/\\\/lifeword.org\\\/spanish\\\/#website\",\"url\":\"https:\\\/\\\/lifeword.org\\\/spanish\\\/\",\"name\":\"Lifeword en Espa\u00f1ol\",\"description\":\"Palabras De Vida\",\"potentialAction\":[{\"@type\":\"SearchAction\",\"target\":{\"@type\":\"EntryPoint\",\"urlTemplate\":\"https:\\\/\\\/lifeword.org\\\/spanish\\\/?s={search_term_string}\"},\"query-input\":{\"@type\":\"PropertyValueSpecification\",\"valueRequired\":true,\"valueName\":\"search_term_string\"}}],\"inLanguage\":\"es\"}]}<\/script>\n<!-- \/ Yoast SEO plugin. -->","yoast_head_json":{"title":"C\u00edrculo Interno de Fe - Lifeword en Espa\u00f1ol","robots":{"index":"index","follow":"follow","max-snippet":"max-snippet:-1","max-image-preview":"max-image-preview:large","max-video-preview":"max-video-preview:-1"},"canonical":"https:\/\/lifeword.org\/spanish\/donate\/faith-inner-circle\/","og_locale":"es_ES","og_type":"article","og_title":"C\u00edrculo Interno de Fe - Lifeword en Espa\u00f1ol","og_description":"C\u00edrculo Interno de Fe El C\u00edrculo Interno de Fe est\u00e1 formado por amigos fieles que apoyan a Lifeword de forma [&hellip;]","og_url":"https:\/\/lifeword.org\/spanish\/donate\/faith-inner-circle\/","og_site_name":"Lifeword en Espa\u00f1ol","article_modified_time":"2019-05-29T15:05:28+00:00","og_image":[{"url":"https:\/\/s3.amazonaws.com\/lifeword-dev-assets\/images\/new-fic-logo.png","type":"","width":"","height":""}],"twitter_card":"summary_large_image","twitter_misc":{"Tiempo de lectura":"1 minuto"},"schema":{"@context":"https:\/\/schema.org","@graph":[{"@type":"WebPage","@id":"https:\/\/lifeword.org\/spanish\/donate\/faith-inner-circle\/","url":"https:\/\/lifeword.org\/spanish\/donate\/faith-inner-circle\/","name":"C\u00edrculo Interno de Fe - Lifeword en Espa\u00f1ol","isPartOf":{"@id":"https:\/\/lifeword.org\/spanish\/#website"},"primaryImageOfPage":{"@id":"https:\/\/lifeword.org\/spanish\/donate\/faith-inner-circle\/#primaryimage"},"image":{"@id":"https:\/\/lifeword.org\/spanish\/donate\/faith-inner-circle\/#primaryimage"},"thumbnailUrl":"https:\/\/s3.amazonaws.com\/lifeword-dev-assets\/images\/new-fic-logo.png","datePublished":"2018-02-22T02:06:25+00:00","dateModified":"2019-05-29T15:05:28+00:00","breadcrumb":{"@id":"https:\/\/lifeword.org\/spanish\/donate\/faith-inner-circle\/#breadcrumb"},"inLanguage":"es","potentialAction":[{"@type":"ReadAction","target":["https:\/\/lifeword.org\/spanish\/donate\/faith-inner-circle\/"]}]},{"@type":"ImageObject","inLanguage":"es","@id":"https:\/\/lifeword.org\/spanish\/donate\/faith-inner-circle\/#primaryimage","url":"https:\/\/s3.amazonaws.com\/lifeword-dev-assets\/images\/new-fic-logo.png","contentUrl":"https:\/\/s3.amazonaws.com\/lifeword-dev-assets\/images\/new-fic-logo.png"},{"@type":"BreadcrumbList","@id":"https:\/\/lifeword.org\/spanish\/donate\/faith-inner-circle\/#breadcrumb","itemListElement":[{"@type":"ListItem","position":1,"name":"Home","item":"https:\/\/lifeword.org\/spanish\/"},{"@type":"ListItem","position":2,"name":"Donar","item":"https:\/\/lifeword.org\/spanish\/donate\/"},{"@type":"ListItem","position":3,"name":"C\u00edrculo Interno de Fe"}]},{"@type":"WebSite","@id":"https:\/\/lifeword.org\/spanish\/#website","url":"https:\/\/lifeword.org\/spanish\/","name":"Lifeword en Espa\u00f1ol","description":"Palabras De Vida","potentialAction":[{"@type":"SearchAction","target":{"@type":"EntryPoint","urlTemplate":"https:\/\/lifeword.org\/spanish\/?s={search_term_string}"},"query-input":{"@type":"PropertyValueSpecification","valueRequired":true,"valueName":"search_term_string"}}],"inLanguage":"es"}]}},"uagb_featured_image_src":{"full":false,"thumbnail":false,"medium":false,"medium_large":false,"large":false,"1536x1536":false,"2048x2048":false,"post-thumbnail":false,"lifeword-detail-thumb":false,"lifeword-slider-thumb":false,"lifeword-list-thumb":false,"gform-image-choice-sm":false,"gform-image-choice-md":false,"gform-image-choice-lg":false},"uagb_author_info":{"display_name":"lifeword","author_link":"https:\/\/lifeword.org\/spanish\/author\/lifeword\/"},"uagb_comment_info":0,"uagb_excerpt":"C\u00edrculo Interno de Fe El C\u00edrculo Interno de Fe est\u00e1 formado por amigos fieles que apoyan a Lifeword de forma [&hellip;]","_links":{"self":[{"href":"https:\/\/lifeword.org\/spanish\/wp-json\/wp\/v2\/pages\/25","targetHints":{"allow":["GET"]}}],"collection":[{"href":"https:\/\/lifeword.org\/spanish\/wp-json\/wp\/v2\/pages"}],"about":[{"href":"https:\/\/lifeword.org\/spanish\/wp-json\/wp\/v2\/types\/page"}],"author":[{"embeddable":true,"href":"https:\/\/lifeword.org\/spanish\/wp-json\/wp\/v2\/users\/1"}],"replies":[{"embeddable":true,"href":"https:\/\/lifeword.org\/spanish\/wp-json\/wp\/v2\/comments?post=25"}],"version-history":[{"count":18,"href":"https:\/\/lifeword.org\/spanish\/wp-json\/wp\/v2\/pages\/25\/revisions"}],"predecessor-version":[{"id":644,"href":"https:\/\/lifeword.org\/spanish\/wp-json\/wp\/v2\/pages\/25\/revisions\/644"}],"up":[{"embeddable":true,"href":"https:\/\/lifeword.org\/spanish\/wp-json\/wp\/v2\/pages\/18"}],"wp:attachment":[{"href":"https:\/\/lifeword.org\/spanish\/wp-json\/wp\/v2\/media?parent=25"}],"curies":[{"name":"wp","href":"https:\/\/api.w.org\/{rel}","templated":true}]}}