{"id":21,"date":"2018-02-22T02:04:33","date_gmt":"2018-02-22T02:04:33","guid":{"rendered":"https:\/\/lifeword.org\/spanish\/?page_id=21"},"modified":"2019-05-29T15:08:11","modified_gmt":"2019-05-29T15:08:11","slug":"bma-foundation","status":"publish","type":"page","link":"https:\/\/lifeword.org\/spanish\/donate\/bma-foundation\/","title":{"rendered":"Fundaci\u00f3n BMA"},"content":{"rendered":"\n<h2 class=\"wp-block-heading\">\nFUNDACI\u00d3N BMA\n\n\n\n\n\n<\/h2>\n\n\n\n<p>Establecida en 1998, La Fundaci\u00f3n ABM se est\u00e1 convirtiendo en un elemento fuerte en la estabilidad financiera de Lifeword. Formada con el \u00fanico prop\u00f3sito de ser un apoyo continuo, la entidad cuenta con una junta directiva de 15 miembros que sirven como embajadores de buena voluntad.<\/p>\n\n\n\n<p>La Fundaci\u00f3n ABM es un almac\u00e9n de fondos monetarios que se invierten para producir un dividendo anual para Lifeword. Hasta la fecha ya se han dado a la Fundaci\u00f3n muchos activos de diferente tipo, incluidos los ingresos de propiedades (testamentos, fideicomisos, etc.), ofrendas conmemorativas y honorarias y bienes inmuebles.<\/p>\n\n\n\n<p>Para obtener informaci\u00f3n sobre c\u00f3mo puede recordar al ministerio Lifeword en su planificaci\u00f3n patrimonial o en hacer una contribuci\u00f3n, comun\u00edquese con el hermano Charles Attebery al 844-262-8637.<\/p>\n","protected":false},"excerpt":{"rendered":"<p>FUNDACI\u00d3N BMA Establecida en 1998, La Fundaci\u00f3n ABM se est\u00e1 convirtiendo en un elemento fuerte en la estabilidad financiera de [&hellip;]<\/p>\n","protected":false},"author":1,"featured_media":0,"parent":18,"menu_order":0,"comment_status":"closed","ping_status":"closed","template":"inner-template.php","meta":{"_uag_custom_page_level_css":"","footnotes":""},"class_list":["post-21","page","type-page","status-publish","hentry"],"yoast_head":"<!-- This site is optimized with the Yoast SEO plugin v27.3 - https:\/\/yoast.com\/product\/yoast-seo-wordpress\/ -->\n<title>Fundaci\u00f3n BMA - Lifeword en Espa\u00f1ol<\/title>\n<meta name=\"robots\" content=\"index, follow, max-snippet:-1, max-image-preview:large, max-video-preview:-1\" \/>\n<link rel=\"canonical\" href=\"https:\/\/lifeword.org\/spanish\/donate\/bma-foundation\/\" \/>\n<meta property=\"og:locale\" content=\"es_ES\" \/>\n<meta property=\"og:type\" content=\"article\" \/>\n<meta property=\"og:title\" content=\"Fundaci\u00f3n BMA - Lifeword en Espa\u00f1ol\" \/>\n<meta property=\"og:description\" content=\"FUNDACI\u00d3N BMA Establecida en 1998, La Fundaci\u00f3n ABM se est\u00e1 convirtiendo en un elemento fuerte en la estabilidad financiera de [&hellip;]\" \/>\n<meta property=\"og:url\" content=\"https:\/\/lifeword.org\/spanish\/donate\/bma-foundation\/\" \/>\n<meta property=\"og:site_name\" content=\"Lifeword en Espa\u00f1ol\" \/>\n<meta property=\"article:modified_time\" content=\"2019-05-29T15:08:11+00:00\" \/>\n<meta name=\"twitter:card\" content=\"summary_large_image\" \/>\n<meta name=\"twitter:label1\" content=\"Tiempo de lectura\" \/>\n\t<meta name=\"twitter:data1\" content=\"1 minuto\" \/>\n<script type=\"application\/ld+json\" class=\"yoast-schema-graph\">{\"@context\":\"https:\\\/\\\/schema.org\",\"@graph\":[{\"@type\":\"WebPage\",\"@id\":\"https:\\\/\\\/lifeword.org\\\/spanish\\\/donate\\\/bma-foundation\\\/\",\"url\":\"https:\\\/\\\/lifeword.org\\\/spanish\\\/donate\\\/bma-foundation\\\/\",\"name\":\"Fundaci\u00f3n BMA - Lifeword en Espa\u00f1ol\",\"isPartOf\":{\"@id\":\"https:\\\/\\\/lifeword.org\\\/spanish\\\/#website\"},\"datePublished\":\"2018-02-22T02:04:33+00:00\",\"dateModified\":\"2019-05-29T15:08:11+00:00\",\"breadcrumb\":{\"@id\":\"https:\\\/\\\/lifeword.org\\\/spanish\\\/donate\\\/bma-foundation\\\/#breadcrumb\"},\"inLanguage\":\"es\",\"potentialAction\":[{\"@type\":\"ReadAction\",\"target\":[\"https:\\\/\\\/lifeword.org\\\/spanish\\\/donate\\\/bma-foundation\\\/\"]}]},{\"@type\":\"BreadcrumbList\",\"@id\":\"https:\\\/\\\/lifeword.org\\\/spanish\\\/donate\\\/bma-foundation\\\/#breadcrumb\",\"itemListElement\":[{\"@type\":\"ListItem\",\"position\":1,\"name\":\"Home\",\"item\":\"https:\\\/\\\/lifeword.org\\\/spanish\\\/\"},{\"@type\":\"ListItem\",\"position\":2,\"name\":\"Donar\",\"item\":\"https:\\\/\\\/lifeword.org\\\/spanish\\\/donate\\\/\"},{\"@type\":\"ListItem\",\"position\":3,\"name\":\"Fundaci\u00f3n BMA\"}]},{\"@type\":\"WebSite\",\"@id\":\"https:\\\/\\\/lifeword.org\\\/spanish\\\/#website\",\"url\":\"https:\\\/\\\/lifeword.org\\\/spanish\\\/\",\"name\":\"Lifeword en Espa\u00f1ol\",\"description\":\"Palabras De Vida\",\"potentialAction\":[{\"@type\":\"SearchAction\",\"target\":{\"@type\":\"EntryPoint\",\"urlTemplate\":\"https:\\\/\\\/lifeword.org\\\/spanish\\\/?s={search_term_string}\"},\"query-input\":{\"@type\":\"PropertyValueSpecification\",\"valueRequired\":true,\"valueName\":\"search_term_string\"}}],\"inLanguage\":\"es\"}]}<\/script>\n<!-- \/ Yoast SEO plugin. -->","yoast_head_json":{"title":"Fundaci\u00f3n BMA - Lifeword en Espa\u00f1ol","robots":{"index":"index","follow":"follow","max-snippet":"max-snippet:-1","max-image-preview":"max-image-preview:large","max-video-preview":"max-video-preview:-1"},"canonical":"https:\/\/lifeword.org\/spanish\/donate\/bma-foundation\/","og_locale":"es_ES","og_type":"article","og_title":"Fundaci\u00f3n BMA - Lifeword en Espa\u00f1ol","og_description":"FUNDACI\u00d3N BMA Establecida en 1998, La Fundaci\u00f3n ABM se est\u00e1 convirtiendo en un elemento fuerte en la estabilidad financiera de [&hellip;]","og_url":"https:\/\/lifeword.org\/spanish\/donate\/bma-foundation\/","og_site_name":"Lifeword en Espa\u00f1ol","article_modified_time":"2019-05-29T15:08:11+00:00","twitter_card":"summary_large_image","twitter_misc":{"Tiempo de lectura":"1 minuto"},"schema":{"@context":"https:\/\/schema.org","@graph":[{"@type":"WebPage","@id":"https:\/\/lifeword.org\/spanish\/donate\/bma-foundation\/","url":"https:\/\/lifeword.org\/spanish\/donate\/bma-foundation\/","name":"Fundaci\u00f3n BMA - Lifeword en Espa\u00f1ol","isPartOf":{"@id":"https:\/\/lifeword.org\/spanish\/#website"},"datePublished":"2018-02-22T02:04:33+00:00","dateModified":"2019-05-29T15:08:11+00:00","breadcrumb":{"@id":"https:\/\/lifeword.org\/spanish\/donate\/bma-foundation\/#breadcrumb"},"inLanguage":"es","potentialAction":[{"@type":"ReadAction","target":["https:\/\/lifeword.org\/spanish\/donate\/bma-foundation\/"]}]},{"@type":"BreadcrumbList","@id":"https:\/\/lifeword.org\/spanish\/donate\/bma-foundation\/#breadcrumb","itemListElement":[{"@type":"ListItem","position":1,"name":"Home","item":"https:\/\/lifeword.org\/spanish\/"},{"@type":"ListItem","position":2,"name":"Donar","item":"https:\/\/lifeword.org\/spanish\/donate\/"},{"@type":"ListItem","position":3,"name":"Fundaci\u00f3n BMA"}]},{"@type":"WebSite","@id":"https:\/\/lifeword.org\/spanish\/#website","url":"https:\/\/lifeword.org\/spanish\/","name":"Lifeword en Espa\u00f1ol","description":"Palabras De Vida","potentialAction":[{"@type":"SearchAction","target":{"@type":"EntryPoint","urlTemplate":"https:\/\/lifeword.org\/spanish\/?s={search_term_string}"},"query-input":{"@type":"PropertyValueSpecification","valueRequired":true,"valueName":"search_term_string"}}],"inLanguage":"es"}]}},"uagb_featured_image_src":{"full":false,"thumbnail":false,"medium":false,"medium_large":false,"large":false,"1536x1536":false,"2048x2048":false,"post-thumbnail":false,"lifeword-detail-thumb":false,"lifeword-slider-thumb":false,"lifeword-list-thumb":false,"gform-image-choice-sm":false,"gform-image-choice-md":false,"gform-image-choice-lg":false},"uagb_author_info":{"display_name":"lifeword","author_link":"https:\/\/lifeword.org\/spanish\/author\/lifeword\/"},"uagb_comment_info":0,"uagb_excerpt":"FUNDACI\u00d3N BMA Establecida en 1998, La Fundaci\u00f3n ABM se est\u00e1 convirtiendo en un elemento fuerte en la estabilidad financiera de [&hellip;]","_links":{"self":[{"href":"https:\/\/lifeword.org\/spanish\/wp-json\/wp\/v2\/pages\/21","targetHints":{"allow":["GET"]}}],"collection":[{"href":"https:\/\/lifeword.org\/spanish\/wp-json\/wp\/v2\/pages"}],"about":[{"href":"https:\/\/lifeword.org\/spanish\/wp-json\/wp\/v2\/types\/page"}],"author":[{"embeddable":true,"href":"https:\/\/lifeword.org\/spanish\/wp-json\/wp\/v2\/users\/1"}],"replies":[{"embeddable":true,"href":"https:\/\/lifeword.org\/spanish\/wp-json\/wp\/v2\/comments?post=21"}],"version-history":[{"count":10,"href":"https:\/\/lifeword.org\/spanish\/wp-json\/wp\/v2\/pages\/21\/revisions"}],"predecessor-version":[{"id":636,"href":"https:\/\/lifeword.org\/spanish\/wp-json\/wp\/v2\/pages\/21\/revisions\/636"}],"up":[{"embeddable":true,"href":"https:\/\/lifeword.org\/spanish\/wp-json\/wp\/v2\/pages\/18"}],"wp:attachment":[{"href":"https:\/\/lifeword.org\/spanish\/wp-json\/wp\/v2\/media?parent=21"}],"curies":[{"name":"wp","href":"https:\/\/api.w.org\/{rel}","templated":true}]}}