{"id":18,"date":"2022-03-16T04:37:02","date_gmt":"2022-03-16T04:37:02","guid":{"rendered":"https:\/\/lifeword.org\/guarani\/faith-inner-circle\/"},"modified":"2022-03-16T06:21:55","modified_gmt":"2022-03-16T06:21:55","slug":"faith-inner-circle","status":"publish","type":"page","link":"https:\/\/lifeword.org\/guarani\/donate\/faith-inner-circle\/","title":{"rendered":"Faith Inner Circle"},"content":{"rendered":"<p style=\"\"><a href=\"https:\/\/lifeword.org\/guarani\/donate\/donate\/\" target=\"_blank\" style=\"outline: none;\" rel=\"noopener\">Donate<\/a><\/p>\n<p style=\"\"><a href=\"https:\/\/lifeword.org\/guarani\/donate\/faith-inner-circle\/\" target=\"_blank\" style=\"outline: none;\" rel=\"noopener\">Faith Inner Circle<\/a><\/p>\n<p style=\"\"><a href=\"https:\/\/lifeword.org\/guarani\/donate\/bma-foundation\/\" target=\"_blank\" style=\"outline: none;\" rel=\"noopener\">BMA Foundation<\/a><\/p>\n<h1><strong>Lifeword Faith Inner Circle<\/strong><\/h1>\n<p>Faith Inner Circle consists of faithful friends who support Lifeword on a regular monthly basis. Some give to FIC through their church, and others send their gifts directly to Lifeword.<\/p>\n<p>If you have a heart for spreading the gospel and would like to become a member of Faith Inner Circle, simply contact Jennifer Harrell at 1.501-329-6891 or email <a href=\"mailto:jennifer@lifeword.org\" style=\"outline: none;\">jennifer@lifeword.org<\/a>&nbsp;and we will take care of the rest. Each month you will receive the FIC newsletter which will give you an inside view of our broadcast work around the world.<\/p>\n<p>Begin supporting Lifeword now by signing up to become a friend of the Faith Inner Circle below.<\/p>\n<p><span style=\"\"><img decoding=\"async\" alt=\"\" data-id=\"898\" width=\"256\" data-init-width=\"570\" height=\"243\" data-init-height=\"540\" title=\"New FIC Logo1\" loading=\"lazy\" src=\"https:\/\/lwlive-wpmedia.s3.amazonaws.com\/wp-content\/uploads\/2017\/12\/New-FIC-Logo1.png\" data-width=\"256\" data-height=\"243\" style=\"\" mt-d=\"0\" ml-d=\"0\"><\/span><!DOCTYPE html><html><head><meta charset='UTF-8' \/><\/head><body class='GF_AJAX_POSTBACK'><p class=\"gform_not_found\">Oops! We could not locate your form.<\/p><\/body><\/html><\/p>\n","protected":false},"excerpt":{"rendered":"<p>Donate Faith Inner Circle BMA Foundation Lifeword Faith Inner Circle Faith Inner Circle consists of faithful friends who support Lifeword [&hellip;]<\/p>\n","protected":false},"author":1,"featured_media":0,"parent":16,"menu_order":1,"comment_status":"closed","ping_status":"closed","template":"","meta":{"_uag_custom_page_level_css":"","footnotes":""},"class_list":["post-18","page","type-page","status-publish","hentry"],"yoast_head":"<!-- This site is optimized with the Yoast SEO plugin v27.3 - https:\/\/yoast.com\/product\/yoast-seo-wordpress\/ -->\n<title>Faith Inner Circle - Lifeword - Guarani<\/title>\n<meta name=\"robots\" content=\"index, follow, max-snippet:-1, max-image-preview:large, max-video-preview:-1\" \/>\n<link rel=\"canonical\" href=\"https:\/\/lifeword.org\/guarani\/donate\/faith-inner-circle\/\" \/>\n<meta property=\"og:locale\" content=\"en_US\" \/>\n<meta property=\"og:type\" content=\"article\" \/>\n<meta property=\"og:title\" content=\"Faith Inner Circle - Lifeword - Guarani\" \/>\n<meta property=\"og:description\" content=\"Donate Faith Inner Circle BMA Foundation Lifeword Faith Inner Circle Faith Inner Circle consists of faithful friends who support Lifeword [&hellip;]\" \/>\n<meta property=\"og:url\" content=\"https:\/\/lifeword.org\/guarani\/donate\/faith-inner-circle\/\" \/>\n<meta property=\"og:site_name\" content=\"Lifeword - Guarani\" \/>\n<meta property=\"article:modified_time\" content=\"2022-03-16T06:21:55+00:00\" \/>\n<meta property=\"og:image\" content=\"https:\/\/lwlive-wpmedia.s3.amazonaws.com\/wp-content\/uploads\/2017\/12\/New-FIC-Logo1.png\" \/>\n<meta name=\"twitter:card\" content=\"summary_large_image\" \/>\n<meta name=\"twitter:label1\" content=\"Est. reading time\" \/>\n\t<meta name=\"twitter:data1\" content=\"1 minute\" \/>\n<script type=\"application\/ld+json\" class=\"yoast-schema-graph\">{\"@context\":\"https:\\\/\\\/schema.org\",\"@graph\":[{\"@type\":\"WebPage\",\"@id\":\"https:\\\/\\\/lifeword.org\\\/guarani\\\/donate\\\/faith-inner-circle\\\/\",\"url\":\"https:\\\/\\\/lifeword.org\\\/guarani\\\/donate\\\/faith-inner-circle\\\/\",\"name\":\"Faith Inner Circle - Lifeword - Guarani\",\"isPartOf\":{\"@id\":\"https:\\\/\\\/lifeword.org\\\/guarani\\\/#website\"},\"primaryImageOfPage\":{\"@id\":\"https:\\\/\\\/lifeword.org\\\/guarani\\\/donate\\\/faith-inner-circle\\\/#primaryimage\"},\"image\":{\"@id\":\"https:\\\/\\\/lifeword.org\\\/guarani\\\/donate\\\/faith-inner-circle\\\/#primaryimage\"},\"thumbnailUrl\":\"https:\\\/\\\/lwlive-wpmedia.s3.amazonaws.com\\\/wp-content\\\/uploads\\\/2017\\\/12\\\/New-FIC-Logo1.png\",\"datePublished\":\"2022-03-16T04:37:02+00:00\",\"dateModified\":\"2022-03-16T06:21:55+00:00\",\"breadcrumb\":{\"@id\":\"https:\\\/\\\/lifeword.org\\\/guarani\\\/donate\\\/faith-inner-circle\\\/#breadcrumb\"},\"inLanguage\":\"gn\",\"potentialAction\":[{\"@type\":\"ReadAction\",\"target\":[\"https:\\\/\\\/lifeword.org\\\/guarani\\\/donate\\\/faith-inner-circle\\\/\"]}]},{\"@type\":\"ImageObject\",\"inLanguage\":\"gn\",\"@id\":\"https:\\\/\\\/lifeword.org\\\/guarani\\\/donate\\\/faith-inner-circle\\\/#primaryimage\",\"url\":\"https:\\\/\\\/lwlive-wpmedia.s3.amazonaws.com\\\/wp-content\\\/uploads\\\/2017\\\/12\\\/New-FIC-Logo1.png\",\"contentUrl\":\"https:\\\/\\\/lwlive-wpmedia.s3.amazonaws.com\\\/wp-content\\\/uploads\\\/2017\\\/12\\\/New-FIC-Logo1.png\"},{\"@type\":\"BreadcrumbList\",\"@id\":\"https:\\\/\\\/lifeword.org\\\/guarani\\\/donate\\\/faith-inner-circle\\\/#breadcrumb\",\"itemListElement\":[{\"@type\":\"ListItem\",\"position\":1,\"name\":\"Home\",\"item\":\"https:\\\/\\\/lifeword.org\\\/guarani\\\/\"},{\"@type\":\"ListItem\",\"position\":2,\"name\":\"Give\",\"item\":\"https:\\\/\\\/lifeword.org\\\/guarani\\\/donate\\\/\"},{\"@type\":\"ListItem\",\"position\":3,\"name\":\"Faith Inner Circle\"}]},{\"@type\":\"WebSite\",\"@id\":\"https:\\\/\\\/lifeword.org\\\/guarani\\\/#website\",\"url\":\"https:\\\/\\\/lifeword.org\\\/guarani\\\/\",\"name\":\"Lifeword - Guarani\",\"description\":\"Jahupityser\u00f5 tekove tap\u00eda jaikuaavaer\u00e2 Hesu pe.\",\"potentialAction\":[{\"@type\":\"SearchAction\",\"target\":{\"@type\":\"EntryPoint\",\"urlTemplate\":\"https:\\\/\\\/lifeword.org\\\/guarani\\\/?s={search_term_string}\"},\"query-input\":{\"@type\":\"PropertyValueSpecification\",\"valueRequired\":true,\"valueName\":\"search_term_string\"}}],\"inLanguage\":\"gn\"}]}<\/script>\n<!-- \/ Yoast SEO plugin. -->","yoast_head_json":{"title":"Faith Inner Circle - Lifeword - Guarani","robots":{"index":"index","follow":"follow","max-snippet":"max-snippet:-1","max-image-preview":"max-image-preview:large","max-video-preview":"max-video-preview:-1"},"canonical":"https:\/\/lifeword.org\/guarani\/donate\/faith-inner-circle\/","og_locale":"en_US","og_type":"article","og_title":"Faith Inner Circle - Lifeword - Guarani","og_description":"Donate Faith Inner Circle BMA Foundation Lifeword Faith Inner Circle Faith Inner Circle consists of faithful friends who support Lifeword [&hellip;]","og_url":"https:\/\/lifeword.org\/guarani\/donate\/faith-inner-circle\/","og_site_name":"Lifeword - Guarani","article_modified_time":"2022-03-16T06:21:55+00:00","og_image":[{"url":"https:\/\/lwlive-wpmedia.s3.amazonaws.com\/wp-content\/uploads\/2017\/12\/New-FIC-Logo1.png","type":"","width":"","height":""}],"twitter_card":"summary_large_image","twitter_misc":{"Est. reading time":"1 minute"},"schema":{"@context":"https:\/\/schema.org","@graph":[{"@type":"WebPage","@id":"https:\/\/lifeword.org\/guarani\/donate\/faith-inner-circle\/","url":"https:\/\/lifeword.org\/guarani\/donate\/faith-inner-circle\/","name":"Faith Inner Circle - Lifeword - Guarani","isPartOf":{"@id":"https:\/\/lifeword.org\/guarani\/#website"},"primaryImageOfPage":{"@id":"https:\/\/lifeword.org\/guarani\/donate\/faith-inner-circle\/#primaryimage"},"image":{"@id":"https:\/\/lifeword.org\/guarani\/donate\/faith-inner-circle\/#primaryimage"},"thumbnailUrl":"https:\/\/lwlive-wpmedia.s3.amazonaws.com\/wp-content\/uploads\/2017\/12\/New-FIC-Logo1.png","datePublished":"2022-03-16T04:37:02+00:00","dateModified":"2022-03-16T06:21:55+00:00","breadcrumb":{"@id":"https:\/\/lifeword.org\/guarani\/donate\/faith-inner-circle\/#breadcrumb"},"inLanguage":"gn","potentialAction":[{"@type":"ReadAction","target":["https:\/\/lifeword.org\/guarani\/donate\/faith-inner-circle\/"]}]},{"@type":"ImageObject","inLanguage":"gn","@id":"https:\/\/lifeword.org\/guarani\/donate\/faith-inner-circle\/#primaryimage","url":"https:\/\/lwlive-wpmedia.s3.amazonaws.com\/wp-content\/uploads\/2017\/12\/New-FIC-Logo1.png","contentUrl":"https:\/\/lwlive-wpmedia.s3.amazonaws.com\/wp-content\/uploads\/2017\/12\/New-FIC-Logo1.png"},{"@type":"BreadcrumbList","@id":"https:\/\/lifeword.org\/guarani\/donate\/faith-inner-circle\/#breadcrumb","itemListElement":[{"@type":"ListItem","position":1,"name":"Home","item":"https:\/\/lifeword.org\/guarani\/"},{"@type":"ListItem","position":2,"name":"Give","item":"https:\/\/lifeword.org\/guarani\/donate\/"},{"@type":"ListItem","position":3,"name":"Faith Inner Circle"}]},{"@type":"WebSite","@id":"https:\/\/lifeword.org\/guarani\/#website","url":"https:\/\/lifeword.org\/guarani\/","name":"Lifeword - Guarani","description":"Jahupityser\u00f5 tekove tap\u00eda jaikuaavaer\u00e2 Hesu pe.","potentialAction":[{"@type":"SearchAction","target":{"@type":"EntryPoint","urlTemplate":"https:\/\/lifeword.org\/guarani\/?s={search_term_string}"},"query-input":{"@type":"PropertyValueSpecification","valueRequired":true,"valueName":"search_term_string"}}],"inLanguage":"gn"}]}},"uagb_featured_image_src":{"full":false,"thumbnail":false,"medium":false,"medium_large":false,"large":false,"1536x1536":false,"2048x2048":false,"post-thumbnail":false,"lifeword-detail-thumb":false,"lifeword-slider-thumb":false,"lifeword-list-thumb":false,"gform-image-choice-sm":false,"gform-image-choice-md":false,"gform-image-choice-lg":false},"uagb_author_info":{"display_name":"lifeword","author_link":"https:\/\/lifeword.org\/guarani\/author\/lifeword\/"},"uagb_comment_info":0,"uagb_excerpt":"Donate Faith Inner Circle BMA Foundation Lifeword Faith Inner Circle Faith Inner Circle consists of faithful friends who support Lifeword [&hellip;]","_links":{"self":[{"href":"https:\/\/lifeword.org\/guarani\/wp-json\/wp\/v2\/pages\/18","targetHints":{"allow":["GET"]}}],"collection":[{"href":"https:\/\/lifeword.org\/guarani\/wp-json\/wp\/v2\/pages"}],"about":[{"href":"https:\/\/lifeword.org\/guarani\/wp-json\/wp\/v2\/types\/page"}],"author":[{"embeddable":true,"href":"https:\/\/lifeword.org\/guarani\/wp-json\/wp\/v2\/users\/1"}],"replies":[{"embeddable":true,"href":"https:\/\/lifeword.org\/guarani\/wp-json\/wp\/v2\/comments?post=18"}],"version-history":[{"count":2,"href":"https:\/\/lifeword.org\/guarani\/wp-json\/wp\/v2\/pages\/18\/revisions"}],"predecessor-version":[{"id":67,"href":"https:\/\/lifeword.org\/guarani\/wp-json\/wp\/v2\/pages\/18\/revisions\/67"}],"up":[{"embeddable":true,"href":"https:\/\/lifeword.org\/guarani\/wp-json\/wp\/v2\/pages\/16"}],"wp:attachment":[{"href":"https:\/\/lifeword.org\/guarani\/wp-json\/wp\/v2\/media?parent=18"}],"curies":[{"name":"wp","href":"https:\/\/api.w.org\/{rel}","templated":true}]}}