{"id":16,"date":"2018-02-22T11:28:27","date_gmt":"2018-02-22T11:28:27","guid":{"rendered":"https:\/\/lifeword.org\/garifuna\/?page_id=16"},"modified":"2023-01-10T06:25:31","modified_gmt":"2023-01-10T06:25:31","slug":"mission-vision","status":"publish","type":"page","link":"https:\/\/lifeword.org\/garifuna\/who-we-are\/mission-vision\/","title":{"rendered":"Mission &#038; Vision"},"content":{"rendered":"\n<p> Wadasi luma Arijini <\/p>\n\n\n\n<figure class=\"wp-block-image\"><img decoding=\"async\" src=\"https:\/\/s3.amazonaws.com\/lifeword-dev-assets\/images\/mv-pic-01.jpg\" alt=\"Lifeword Broadcasting\"\/><\/figure>\n\n\n\n<p>Lumagie 1965, afarenjatumuti Lifeword buiti uganu lau  teknologia le buiti mabei. Tau meja dise tumalali watatira, Merigein g\u00fc\u00f1e meja wayanaja. Gamalumoun, ugu\u00f1e weyu idaragua laduwa internet lun wadisedagudini wagudarigi lun lachulurun buiti uganu lidon 121 ageira\u00fc lidan ubou luma 43 i\u00f1e\u00f1e. <\/p>\n\n\n\n<p>Anijein aban iseri an\u00fcg\u00fcti fulasu wama giritu Lifeword D\u00farari, gamalumoun lidaragubadiwa saragu lun dise tumala lachulurun dasi le. Lidaragubadiwa lun gayarala lachulurun buiti uganu habion sun ha gamaba\u00f1a internet, aganba hameime buiti uganu lidan hererun.<\/p>\n\n\n\n<p>Dumba ya lun barihini sun i\u00f1e\u00f1e luma ageira\u00fc le \u00f1i lubei tachulura Lifeword. <\/p>\n\n\n\n<p>Touserunu Lifeword Dise Tumalali lidan Aban Ageira\u00fc<\/p>\n\n\n\n<figure class=\"wp-block-image\"><img decoding=\"async\" src=\"https:\/\/s3.amazonaws.com\/lifeword-dev-assets\/images\/mv-pic-02.jpg\" alt=\"Lifeword Community Radio\"\/><\/figure>\n\n\n\n<p>Lumagi\u00f1e 2014, Ideraguat\u00e1u Lifeword saragu liligisi lidan ageira\u00fc gudemeti lun hagumeserun onaha uganu tuegie dise tumalali. Lun gayara lan habuinchagudini ligarabalin hageira lau lanarime lisiehabu Bungiu. Lidan bi fulasu le mosu heibugu g\u00fcrigia  le \u00f1eihei lumuti houdin. Casi sumbri g\u00fcrigia ha oundaruba\u00f1a tidan ligilisi, nadagumeiti\u00f1a 3 lun 4 maili dise tuwei haban. Chuluti aban gafu lambara le anuguti 15- Voltiu lidon fulasa bi lira, Gawarati lichugun aban bateria le tani karu erei lun aban dise tumalali le anuguti 15 voltiu. <\/p>\n\n\n\n<p>Dale tachulurun Lifeword lidan sun fulasu bi le, aban harufudaha houn asayahati\u00f1u, alidihati\u00f1u, inginieru, hama suntigad\u00fcga lun gayara lan hadugu iseri  an\u00fcg\u00fcti fulasu  o programa le w\u00e1lumuti harigei g\u00fcrigia.  Lidon ti uganu lira aban hachomblidoguni buiti uganu le lanugubei Kristu. Ayanuhouwa ligia luagu lugumehabu luman luweirin lisiehabu. Gamalumoun larigi hafuenderun h\u00e1s\u00fcg\u00fcrag\u00fcduni uganu tuegie dise tumalali, gafu lambara, bigibigiti, aban harufudahan g\u00fcrigia hara houn tinaniguri amu ligilisi. Itarili\u00f1a tin watatirun  adugan disipulu hau \u00e1s\u00fcg\u00fcrag\u00fcduti\u00f1a uganu.<\/p>\n\n\n\n<p>Uganu Tuagu Lifeword D\u00farari<\/p>\n\n\n\n<figure class=\"wp-block-image\"><img decoding=\"async\" src=\"https:\/\/s3.amazonaws.com\/lifeword-dev-assets\/images\/mv-pic-03.jpg\" alt=\"Lifeword Media &amp; Leadership Training\"\/><\/figure>\n\n\n\n<p>Tadugu\u00f1a Lifeword katei iseri. Dasi le gadabanua orale gebunati ladugunua aban plataforma giriti D\u00farari. Lidagubaduati Durari lun gawaranla wasuguragudun programa o uguna luerigien internet. Wasuguraguduba bandi uganu le aranseja wamalibei lidan sun dimi san irumu le suguhalibei, asta lougie  dimi san irumu luerigien internet. Lachulur\u00fcba dan lun lerederun Lifeword.org kei aban fulasu le  \u00f1ein lubei gayarala hayabin sun g\u00fcrigia aganba luagu luweirin lisiebu Jesus tidan he\u00f1e\u00f1e guanur\u00fcgu. <\/p>\n\n\n\n<p>Busietuwa lun lachulurun dan lun gayarabei lan warihin 200 i\u00f1e\u00f1e arufuduwa tidan gie Lifeword D\u00farari. Lun gayarabei lan haganbuni g\u00fcrigia uraga le weitumabei y haneimetumabei lidan sun ubou.<\/p>\n\n\n\n<p>G\u00e1bafuti Lifeword D\u00farari  lun lachuluraguduni buiti uganu luagu Kristu houn lougie biyoun g\u00fcrigia.<\/p>\n","protected":false},"excerpt":{"rendered":"<p>Wadasi luma Arijini Lumagie 1965, afarenjatumuti Lifeword buiti uganu lau teknologia le buiti mabei. Tau meja dise tumalali watatira, Merigein [&hellip;]<\/p>\n","protected":false},"author":1,"featured_media":0,"parent":12,"menu_order":0,"comment_status":"closed","ping_status":"closed","template":"inner-template.php","meta":{"_uag_custom_page_level_css":"","footnotes":""},"class_list":["post-16","page","type-page","status-publish","hentry"],"yoast_head":"<!-- This site is optimized with the Yoast SEO plugin v27.1.1 - https:\/\/yoast.com\/product\/yoast-seo-wordpress\/ -->\n<title>Mission &amp; Vision - Lifeword - Garifuna<\/title>\n<meta name=\"robots\" content=\"index, follow, max-snippet:-1, max-image-preview:large, max-video-preview:-1\" \/>\n<link rel=\"canonical\" href=\"https:\/\/lifeword.org\/garifuna\/who-we-are\/mission-vision\/\" \/>\n<meta property=\"og:locale\" content=\"en_US\" \/>\n<meta property=\"og:type\" content=\"article\" \/>\n<meta property=\"og:title\" content=\"Mission &amp; Vision - Lifeword - Garifuna\" \/>\n<meta property=\"og:description\" content=\"Wadasi luma Arijini Lumagie 1965, afarenjatumuti Lifeword buiti uganu lau teknologia le buiti mabei. Tau meja dise tumalali watatira, Merigein [&hellip;]\" \/>\n<meta property=\"og:url\" content=\"https:\/\/lifeword.org\/garifuna\/who-we-are\/mission-vision\/\" \/>\n<meta property=\"og:site_name\" content=\"Lifeword - Garifuna\" \/>\n<meta property=\"article:modified_time\" content=\"2023-01-10T06:25:31+00:00\" \/>\n<meta property=\"og:image\" content=\"https:\/\/s3.amazonaws.com\/lifeword-dev-assets\/images\/mv-pic-01.jpg\" \/>\n<meta name=\"twitter:card\" content=\"summary_large_image\" \/>\n<meta name=\"twitter:label1\" content=\"Est. reading time\" \/>\n\t<meta name=\"twitter:data1\" content=\"3 minutes\" \/>\n<script type=\"application\/ld+json\" class=\"yoast-schema-graph\">{\"@context\":\"https:\/\/schema.org\",\"@graph\":[{\"@type\":\"WebPage\",\"@id\":\"https:\/\/lifeword.org\/garifuna\/who-we-are\/mission-vision\/\",\"url\":\"https:\/\/lifeword.org\/garifuna\/who-we-are\/mission-vision\/\",\"name\":\"Mission & Vision - Lifeword - Garifuna\",\"isPartOf\":{\"@id\":\"https:\/\/lifeword.org\/garifuna\/#website\"},\"primaryImageOfPage\":{\"@id\":\"https:\/\/lifeword.org\/garifuna\/who-we-are\/mission-vision\/#primaryimage\"},\"image\":{\"@id\":\"https:\/\/lifeword.org\/garifuna\/who-we-are\/mission-vision\/#primaryimage\"},\"thumbnailUrl\":\"https:\/\/s3.amazonaws.com\/lifeword-dev-assets\/images\/mv-pic-01.jpg\",\"datePublished\":\"2018-02-22T11:28:27+00:00\",\"dateModified\":\"2023-01-10T06:25:31+00:00\",\"breadcrumb\":{\"@id\":\"https:\/\/lifeword.org\/garifuna\/who-we-are\/mission-vision\/#breadcrumb\"},\"inLanguage\":\"cab\",\"potentialAction\":[{\"@type\":\"ReadAction\",\"target\":[\"https:\/\/lifeword.org\/garifuna\/who-we-are\/mission-vision\/\"]}]},{\"@type\":\"ImageObject\",\"inLanguage\":\"cab\",\"@id\":\"https:\/\/lifeword.org\/garifuna\/who-we-are\/mission-vision\/#primaryimage\",\"url\":\"https:\/\/s3.amazonaws.com\/lifeword-dev-assets\/images\/mv-pic-01.jpg\",\"contentUrl\":\"https:\/\/s3.amazonaws.com\/lifeword-dev-assets\/images\/mv-pic-01.jpg\"},{\"@type\":\"BreadcrumbList\",\"@id\":\"https:\/\/lifeword.org\/garifuna\/who-we-are\/mission-vision\/#breadcrumb\",\"itemListElement\":[{\"@type\":\"ListItem\",\"position\":1,\"name\":\"Home\",\"item\":\"https:\/\/lifeword.org\/garifuna\/\"},{\"@type\":\"ListItem\",\"position\":2,\"name\":\"Who We Are\",\"item\":\"https:\/\/lifeword.org\/garifuna\/who-we-are\/\"},{\"@type\":\"ListItem\",\"position\":3,\"name\":\"Mission &#038; Vision\"}]},{\"@type\":\"WebSite\",\"@id\":\"https:\/\/lifeword.org\/garifuna\/#website\",\"url\":\"https:\/\/lifeword.org\/garifuna\/\",\"name\":\"Lifeword - Garifuna\",\"description\":\"Just another Lifeword Media Ministries Sites site\",\"potentialAction\":[{\"@type\":\"SearchAction\",\"target\":{\"@type\":\"EntryPoint\",\"urlTemplate\":\"https:\/\/lifeword.org\/garifuna\/?s={search_term_string}\"},\"query-input\":{\"@type\":\"PropertyValueSpecification\",\"valueRequired\":true,\"valueName\":\"search_term_string\"}}],\"inLanguage\":\"cab\"}]}<\/script>\n<!-- \/ Yoast SEO plugin. -->","yoast_head_json":{"title":"Mission & Vision - Lifeword - Garifuna","robots":{"index":"index","follow":"follow","max-snippet":"max-snippet:-1","max-image-preview":"max-image-preview:large","max-video-preview":"max-video-preview:-1"},"canonical":"https:\/\/lifeword.org\/garifuna\/who-we-are\/mission-vision\/","og_locale":"en_US","og_type":"article","og_title":"Mission & Vision - Lifeword - Garifuna","og_description":"Wadasi luma Arijini Lumagie 1965, afarenjatumuti Lifeword buiti uganu lau teknologia le buiti mabei. Tau meja dise tumalali watatira, Merigein [&hellip;]","og_url":"https:\/\/lifeword.org\/garifuna\/who-we-are\/mission-vision\/","og_site_name":"Lifeword - Garifuna","article_modified_time":"2023-01-10T06:25:31+00:00","og_image":[{"url":"https:\/\/s3.amazonaws.com\/lifeword-dev-assets\/images\/mv-pic-01.jpg","type":"","width":"","height":""}],"twitter_card":"summary_large_image","twitter_misc":{"Est. reading time":"3 minutes"},"schema":{"@context":"https:\/\/schema.org","@graph":[{"@type":"WebPage","@id":"https:\/\/lifeword.org\/garifuna\/who-we-are\/mission-vision\/","url":"https:\/\/lifeword.org\/garifuna\/who-we-are\/mission-vision\/","name":"Mission & Vision - Lifeword - Garifuna","isPartOf":{"@id":"https:\/\/lifeword.org\/garifuna\/#website"},"primaryImageOfPage":{"@id":"https:\/\/lifeword.org\/garifuna\/who-we-are\/mission-vision\/#primaryimage"},"image":{"@id":"https:\/\/lifeword.org\/garifuna\/who-we-are\/mission-vision\/#primaryimage"},"thumbnailUrl":"https:\/\/s3.amazonaws.com\/lifeword-dev-assets\/images\/mv-pic-01.jpg","datePublished":"2018-02-22T11:28:27+00:00","dateModified":"2023-01-10T06:25:31+00:00","breadcrumb":{"@id":"https:\/\/lifeword.org\/garifuna\/who-we-are\/mission-vision\/#breadcrumb"},"inLanguage":"cab","potentialAction":[{"@type":"ReadAction","target":["https:\/\/lifeword.org\/garifuna\/who-we-are\/mission-vision\/"]}]},{"@type":"ImageObject","inLanguage":"cab","@id":"https:\/\/lifeword.org\/garifuna\/who-we-are\/mission-vision\/#primaryimage","url":"https:\/\/s3.amazonaws.com\/lifeword-dev-assets\/images\/mv-pic-01.jpg","contentUrl":"https:\/\/s3.amazonaws.com\/lifeword-dev-assets\/images\/mv-pic-01.jpg"},{"@type":"BreadcrumbList","@id":"https:\/\/lifeword.org\/garifuna\/who-we-are\/mission-vision\/#breadcrumb","itemListElement":[{"@type":"ListItem","position":1,"name":"Home","item":"https:\/\/lifeword.org\/garifuna\/"},{"@type":"ListItem","position":2,"name":"Who We Are","item":"https:\/\/lifeword.org\/garifuna\/who-we-are\/"},{"@type":"ListItem","position":3,"name":"Mission &#038; Vision"}]},{"@type":"WebSite","@id":"https:\/\/lifeword.org\/garifuna\/#website","url":"https:\/\/lifeword.org\/garifuna\/","name":"Lifeword - Garifuna","description":"Just another Lifeword Media Ministries Sites site","potentialAction":[{"@type":"SearchAction","target":{"@type":"EntryPoint","urlTemplate":"https:\/\/lifeword.org\/garifuna\/?s={search_term_string}"},"query-input":{"@type":"PropertyValueSpecification","valueRequired":true,"valueName":"search_term_string"}}],"inLanguage":"cab"}]}},"uagb_featured_image_src":{"full":false,"thumbnail":false,"medium":false,"medium_large":false,"large":false,"1536x1536":false,"2048x2048":false,"post-thumbnail":false,"lifeword-detail-thumb":false,"lifeword-slider-thumb":false,"lifeword-list-thumb":false,"gform-image-choice-sm":false,"gform-image-choice-md":false,"gform-image-choice-lg":false},"uagb_author_info":{"display_name":"lifeword","author_link":"https:\/\/lifeword.org\/garifuna\/author\/lifeword\/"},"uagb_comment_info":0,"uagb_excerpt":"Wadasi luma Arijini Lumagie 1965, afarenjatumuti Lifeword buiti uganu lau teknologia le buiti mabei. Tau meja dise tumalali watatira, Merigein [&hellip;]","_links":{"self":[{"href":"https:\/\/lifeword.org\/garifuna\/wp-json\/wp\/v2\/pages\/16","targetHints":{"allow":["GET"]}}],"collection":[{"href":"https:\/\/lifeword.org\/garifuna\/wp-json\/wp\/v2\/pages"}],"about":[{"href":"https:\/\/lifeword.org\/garifuna\/wp-json\/wp\/v2\/types\/page"}],"author":[{"embeddable":true,"href":"https:\/\/lifeword.org\/garifuna\/wp-json\/wp\/v2\/users\/1"}],"replies":[{"embeddable":true,"href":"https:\/\/lifeword.org\/garifuna\/wp-json\/wp\/v2\/comments?post=16"}],"version-history":[{"count":2,"href":"https:\/\/lifeword.org\/garifuna\/wp-json\/wp\/v2\/pages\/16\/revisions"}],"predecessor-version":[{"id":125,"href":"https:\/\/lifeword.org\/garifuna\/wp-json\/wp\/v2\/pages\/16\/revisions\/125"}],"up":[{"embeddable":true,"href":"https:\/\/lifeword.org\/garifuna\/wp-json\/wp\/v2\/pages\/12"}],"wp:attachment":[{"href":"https:\/\/lifeword.org\/garifuna\/wp-json\/wp\/v2\/media?parent=16"}],"curies":[{"name":"wp","href":"https:\/\/api.w.org\/{rel}","templated":true}]}}